{"id":226,"date":"2020-11-05T15:41:08","date_gmt":"2020-11-05T15:41:08","guid":{"rendered":"http:\/\/www.domainecawood.ca\/?page_id=226"},"modified":"2024-07-15T14:16:43","modified_gmt":"2024-07-15T14:16:43","slug":"galerie","status":"publish","type":"page","link":"https:\/\/www.domainecawood.ca\/fr\/galerie\/","title":{"rendered":"Galerie"},"content":{"rendered":"<div class=\"wpb-content-wrapper\"><p>[vc_row content_placement=\u00a0\u00bbmiddle\u00a0\u00bb css=\u00a0\u00bb.vc_custom_1604448176509{padding-top: 60px !important;padding-bottom: 60px !important;}\u00a0\u00bb][vc_column luv_text_alignment=\u00a0\u00bbcenter\u00a0\u00bb][vc_single_image image=\u00a0\u00bb241&Prime; alignment=\u00a0\u00bbcenter\u00a0\u00bb]<h2 class=\" luv_dynamic-06f2271b   \">Visitez-nous virtuellement avec notre<\/h2><h1 class=\" luv_dynamic-bf6d4faa   \">GALERIE PHOTOS<\/h1>[\/vc_column][\/vc_row][vc_row css=\u00a0\u00bb.vc_custom_1604590924234{padding-bottom: 60px !important;}\u00a0\u00bb][vc_column][vc_media_grid gap=\u00a0\u00bb15&Prime; grid_id=\u00a0\u00bbvc_gid:1721052993171-bba647ec-f733-4&Prime; include=\u00a0\u00bb574,300,227,228,229,230,231,232,233,234,354&Prime;][\/vc_column][\/vc_row]<\/p>\n<\/div>","protected":false},"excerpt":{"rendered":"<p>[vc_row content_placement=\u00a0\u00bbmiddle\u00a0\u00bb css=\u00a0\u00bb.vc_custom_1604448176509{padding-top: 60px !important;padding-bottom: 60px !important;}\u00a0\u00bb][vc_column luv_text_alignment=\u00a0\u00bbcenter\u00a0\u00bb][vc_single_image image=\u00a0\u00bb241&Prime; alignment=\u00a0\u00bbcenter\u00a0\u00bb][\/vc_column][\/vc_row][vc_row css=\u00a0\u00bb.vc_custom_1604590924234{padding-bottom: 60px !important;}\u00a0\u00bb][vc_column][vc_media_grid gap=\u00a0\u00bb15&Prime; grid_id=\u00a0\u00bbvc_gid:1721052993171-bba647ec-f733-4&Prime; include=\u00a0\u00bb574,300,227,228,229,230,231,232,233,234,354&Prime;][\/vc_column][\/vc_row]<\/p>\n","protected":false},"author":1,"featured_media":0,"parent":0,"menu_order":0,"comment_status":"closed","ping_status":"closed","template":"","meta":{"footnotes":""},"class_list":["post-226","page","type-page","status-publish","hentry"],"yoast_head":"<!-- This site is optimized with the Yoast SEO plugin v27.2 - https:\/\/yoast.com\/product\/yoast-seo-wordpress\/ -->\n<title>Domaine de Cawood | Le vignoble en photos<\/title>\n<meta name=\"description\" content=\"D\u00e9couvrez le merveilleux vignoble qu\u00e9b\u00e9cois, Domaine de Cawood, situ\u00e9 \u00e0 Danford Lake en Outaouais. Une visite vous enchantera!\" \/>\n<meta name=\"robots\" content=\"index, follow, max-snippet:-1, max-image-preview:large, max-video-preview:-1\" \/>\n<link rel=\"canonical\" href=\"https:\/\/www.domainecawood.ca\/fr\/galerie\/\" \/>\n<meta property=\"og:locale\" content=\"fr_FR\" \/>\n<meta property=\"og:type\" content=\"article\" \/>\n<meta property=\"og:title\" content=\"Domaine de Cawood | Le vignoble en photos\" \/>\n<meta property=\"og:description\" content=\"D\u00e9couvrez le merveilleux vignoble qu\u00e9b\u00e9cois, Domaine de Cawood, situ\u00e9 \u00e0 Danford Lake en Outaouais. Une visite vous enchantera!\" \/>\n<meta property=\"og:url\" content=\"https:\/\/www.domainecawood.ca\/fr\/galerie\/\" \/>\n<meta property=\"og:site_name\" content=\"Domaine de Cawood\" \/>\n<meta property=\"article:modified_time\" content=\"2024-07-15T14:16:43+00:00\" \/>\n<meta property=\"og:image\" content=\"https:\/\/www.domainecawood.ca\/wp-content\/uploads\/2020\/11\/img-preview.jpg\" \/>\n\t<meta property=\"og:image:width\" content=\"1200\" \/>\n\t<meta property=\"og:image:height\" content=\"800\" \/>\n\t<meta property=\"og:image:type\" content=\"image\/jpeg\" \/>\n<meta name=\"twitter:card\" content=\"summary_large_image\" \/>\n<meta name=\"twitter:label1\" content=\"Dur\u00e9e de lecture estim\u00e9e\" \/>\n\t<meta name=\"twitter:data1\" content=\"3 minutes\" \/>\n<script type=\"application\/ld+json\" class=\"yoast-schema-graph\">{\"@context\":\"https:\/\/schema.org\",\"@graph\":[{\"@type\":\"WebPage\",\"@id\":\"https:\/\/www.domainecawood.ca\/fr\/galerie\/\",\"url\":\"https:\/\/www.domainecawood.ca\/fr\/galerie\/\",\"name\":\"Domaine de Cawood | Le vignoble en photos\",\"isPartOf\":{\"@id\":\"https:\/\/www.domainecawood.ca\/fr\/#website\"},\"datePublished\":\"2020-11-05T15:41:08+00:00\",\"dateModified\":\"2024-07-15T14:16:43+00:00\",\"description\":\"D\u00e9couvrez le merveilleux vignoble qu\u00e9b\u00e9cois, Domaine de Cawood, situ\u00e9 \u00e0 Danford Lake en Outaouais. Une visite vous enchantera!\",\"breadcrumb\":{\"@id\":\"https:\/\/www.domainecawood.ca\/fr\/galerie\/#breadcrumb\"},\"inLanguage\":\"fr-FR\",\"potentialAction\":[{\"@type\":\"ReadAction\",\"target\":[\"https:\/\/www.domainecawood.ca\/fr\/galerie\/\"]}]},{\"@type\":\"BreadcrumbList\",\"@id\":\"https:\/\/www.domainecawood.ca\/fr\/galerie\/#breadcrumb\",\"itemListElement\":[{\"@type\":\"ListItem\",\"position\":1,\"name\":\"Accueil\",\"item\":\"https:\/\/www.domainecawood.ca\/fr\/\"},{\"@type\":\"ListItem\",\"position\":2,\"name\":\"Galerie\"}]},{\"@type\":\"WebSite\",\"@id\":\"https:\/\/www.domainecawood.ca\/fr\/#website\",\"url\":\"https:\/\/www.domainecawood.ca\/fr\/\",\"name\":\"Domaine de Cawood\",\"description\":\"Un site utilisant WordPress\",\"potentialAction\":[{\"@type\":\"SearchAction\",\"target\":{\"@type\":\"EntryPoint\",\"urlTemplate\":\"https:\/\/www.domainecawood.ca\/fr\/?s={search_term_string}\"},\"query-input\":{\"@type\":\"PropertyValueSpecification\",\"valueRequired\":true,\"valueName\":\"search_term_string\"}}],\"inLanguage\":\"fr-FR\"}]}<\/script>\n<!-- \/ Yoast SEO plugin. -->","yoast_head_json":{"title":"Domaine de Cawood | Le vignoble en photos","description":"D\u00e9couvrez le merveilleux vignoble qu\u00e9b\u00e9cois, Domaine de Cawood, situ\u00e9 \u00e0 Danford Lake en Outaouais. Une visite vous enchantera!","robots":{"index":"index","follow":"follow","max-snippet":"max-snippet:-1","max-image-preview":"max-image-preview:large","max-video-preview":"max-video-preview:-1"},"canonical":"https:\/\/www.domainecawood.ca\/fr\/galerie\/","og_locale":"fr_FR","og_type":"article","og_title":"Domaine de Cawood | Le vignoble en photos","og_description":"D\u00e9couvrez le merveilleux vignoble qu\u00e9b\u00e9cois, Domaine de Cawood, situ\u00e9 \u00e0 Danford Lake en Outaouais. Une visite vous enchantera!","og_url":"https:\/\/www.domainecawood.ca\/fr\/galerie\/","og_site_name":"Domaine de Cawood","article_modified_time":"2024-07-15T14:16:43+00:00","og_image":[{"width":1200,"height":800,"url":"https:\/\/www.domainecawood.ca\/wp-content\/uploads\/2020\/11\/img-preview.jpg","type":"image\/jpeg"}],"twitter_card":"summary_large_image","twitter_misc":{"Dur\u00e9e de lecture estim\u00e9e":"3 minutes"},"schema":{"@context":"https:\/\/schema.org","@graph":[{"@type":"WebPage","@id":"https:\/\/www.domainecawood.ca\/fr\/galerie\/","url":"https:\/\/www.domainecawood.ca\/fr\/galerie\/","name":"Domaine de Cawood | Le vignoble en photos","isPartOf":{"@id":"https:\/\/www.domainecawood.ca\/fr\/#website"},"datePublished":"2020-11-05T15:41:08+00:00","dateModified":"2024-07-15T14:16:43+00:00","description":"D\u00e9couvrez le merveilleux vignoble qu\u00e9b\u00e9cois, Domaine de Cawood, situ\u00e9 \u00e0 Danford Lake en Outaouais. Une visite vous enchantera!","breadcrumb":{"@id":"https:\/\/www.domainecawood.ca\/fr\/galerie\/#breadcrumb"},"inLanguage":"fr-FR","potentialAction":[{"@type":"ReadAction","target":["https:\/\/www.domainecawood.ca\/fr\/galerie\/"]}]},{"@type":"BreadcrumbList","@id":"https:\/\/www.domainecawood.ca\/fr\/galerie\/#breadcrumb","itemListElement":[{"@type":"ListItem","position":1,"name":"Accueil","item":"https:\/\/www.domainecawood.ca\/fr\/"},{"@type":"ListItem","position":2,"name":"Galerie"}]},{"@type":"WebSite","@id":"https:\/\/www.domainecawood.ca\/fr\/#website","url":"https:\/\/www.domainecawood.ca\/fr\/","name":"Domaine de Cawood","description":"Un site utilisant WordPress","potentialAction":[{"@type":"SearchAction","target":{"@type":"EntryPoint","urlTemplate":"https:\/\/www.domainecawood.ca\/fr\/?s={search_term_string}"},"query-input":{"@type":"PropertyValueSpecification","valueRequired":true,"valueName":"search_term_string"}}],"inLanguage":"fr-FR"}]}},"_links":{"self":[{"href":"https:\/\/www.domainecawood.ca\/fr\/wp-json\/wp\/v2\/pages\/226","targetHints":{"allow":["GET"]}}],"collection":[{"href":"https:\/\/www.domainecawood.ca\/fr\/wp-json\/wp\/v2\/pages"}],"about":[{"href":"https:\/\/www.domainecawood.ca\/fr\/wp-json\/wp\/v2\/types\/page"}],"author":[{"embeddable":true,"href":"https:\/\/www.domainecawood.ca\/fr\/wp-json\/wp\/v2\/users\/1"}],"replies":[{"embeddable":true,"href":"https:\/\/www.domainecawood.ca\/fr\/wp-json\/wp\/v2\/comments?post=226"}],"version-history":[{"count":11,"href":"https:\/\/www.domainecawood.ca\/fr\/wp-json\/wp\/v2\/pages\/226\/revisions"}],"predecessor-version":[{"id":739,"href":"https:\/\/www.domainecawood.ca\/fr\/wp-json\/wp\/v2\/pages\/226\/revisions\/739"}],"wp:attachment":[{"href":"https:\/\/www.domainecawood.ca\/fr\/wp-json\/wp\/v2\/media?parent=226"}],"curies":[{"name":"wp","href":"https:\/\/api.w.org\/{rel}","templated":true}]}}