{"id":199,"date":"2020-11-05T14:27:00","date_gmt":"2020-11-05T14:27:00","guid":{"rendered":"http:\/\/www.domainecawood.ca\/?page_id=199"},"modified":"2020-11-13T15:02:37","modified_gmt":"2020-11-13T15:02:37","slug":"actualites","status":"publish","type":"page","link":"https:\/\/www.domainecawood.ca\/fr\/actualites\/","title":{"rendered":"Actualit\u00e9s"},"content":{"rendered":"<div class=\"wpb-content-wrapper\"><p>[vc_row content_placement=\u00a0\u00bbmiddle\u00a0\u00bb css=\u00a0\u00bb.vc_custom_1604448176509{padding-top: 60px !important;padding-bottom: 60px !important;}\u00a0\u00bb][vc_column luv_text_alignment=\u00a0\u00bbcenter\u00a0\u00bb][vc_single_image image=\u00a0\u00bb201&Prime; alignment=\u00a0\u00bbcenter\u00a0\u00bb]<h2 class=\" luv_dynamic-06f2271b   \">Soyez au courant de toutes nos<\/h2><h1 class=\" luv_dynamic-bf6d4faa   \">actualit\u00e9s<\/h1>[\/vc_column][\/vc_row][vc_row css=\u00a0\u00bb.vc_custom_1604586608487{padding-bottom: 60px !important;}\u00a0\u00bb][vc_column]\n\t\t\t\t\n\t\t\t\t<div class=\"posts-container item-grid-container three-columns masonry masonry-standard masonry-equal-height masonry-equal-height\" data-crop-images=\"false\">\n\t\t\t\t\t\t\t\t\t\t<article id=\"post-726\" class=\"masonry-style-default post-726 post type-post status-publish format-standard has-post-thumbnail hentry category-non-classifiee\">\n\t\t\t\t\t\t\t\n\t\t<div class=\"post-featured-img \">\n\t\t<a href=\"https:\/\/www.domainecawood.ca\/fr\/2024\/06\/24\/une-joyeuse-visite-au-vignoble\/\" title=\"Une joyeuse visite au vignoble!\">\n\t\t\t<img loading=\"lazy\" decoding=\"async\" width=\"554\" height=\"418\" src=\"https:\/\/www.domainecawood.ca\/wp-content\/uploads\/2024\/06\/Visiteur-Domaine-Cawood.jpg\" class=\"attachment-fevr_wide size-fevr_wide wp-post-image\" alt=\"\" srcset=\"https:\/\/www.domainecawood.ca\/wp-content\/uploads\/2024\/06\/Visiteur-Domaine-Cawood.jpg 554w, https:\/\/www.domainecawood.ca\/wp-content\/uploads\/2024\/06\/Visiteur-Domaine-Cawood-300x226.jpg 300w, https:\/\/www.domainecawood.ca\/wp-content\/uploads\/2024\/06\/Visiteur-Domaine-Cawood-10x8.jpg 10w\" sizes=\"auto, (max-width: 554px) 100vw, 554px\" \/>\t\t<\/a>\n\t<\/div>\n\t\n\n<div class=\"post-content post-content-spacing\">\n\t\n\n\t\t<h2 class=\"post-title\"><a href=\"https:\/\/www.domainecawood.ca\/fr\/2024\/06\/24\/une-joyeuse-visite-au-vignoble\/\" title=\"Une joyeuse visite au vignoble!\">Une joyeuse visite au vignoble!<\/a><\/h2>\n\t\n\t<p><\/p><\/div>\n\n\t<div class=\"post-meta-bottom\">\n\t\t<div class=\"post-meta\">\n\t\t\t<a href=\"https:\/\/www.domainecawood.ca\/fr\/2024\/06\/24\/une-joyeuse-visite-au-vignoble\/\" title=\"Une joyeuse visite au vignoble!\">24 juin 2024<\/a>\n\t\t<\/div>\n\t\t\t<\/div>\n\t\t\t\t\t\t<\/article>\n\t\t\t\t\t\t\t\t\t\t<article id=\"post-569\" class=\"masonry-style-default post-569 post type-post status-publish format-standard has-post-thumbnail hentry category-non-classifiee\">\n\t\t\t\t\t\t\t\n\t\t<div class=\"post-featured-img \">\n\t\t<a href=\"https:\/\/www.domainecawood.ca\/fr\/2021\/12\/16\/le-domaine-de-cawood-est-fier-detre-associe-au-grand-marche-zibi\/\" title=\"Le Domaine de Cawood est fier d\u2019\u00eatre associ\u00e9 au Grand March\u00e9 ZIBI\">\n\t\t\t<img loading=\"lazy\" decoding=\"async\" width=\"554\" height=\"418\" src=\"https:\/\/www.domainecawood.ca\/wp-content\/uploads\/2021\/12\/zibi-dec2021.jpg\" class=\"attachment-fevr_wide size-fevr_wide wp-post-image\" alt=\"\" srcset=\"https:\/\/www.domainecawood.ca\/wp-content\/uploads\/2021\/12\/zibi-dec2021.jpg 554w, https:\/\/www.domainecawood.ca\/wp-content\/uploads\/2021\/12\/zibi-dec2021-300x226.jpg 300w, https:\/\/www.domainecawood.ca\/wp-content\/uploads\/2021\/12\/zibi-dec2021-10x8.jpg 10w\" sizes=\"auto, (max-width: 554px) 100vw, 554px\" \/>\t\t<\/a>\n\t<\/div>\n\t\n\n<div class=\"post-content post-content-spacing\">\n\t\n\n\t\t<h2 class=\"post-title\"><a href=\"https:\/\/www.domainecawood.ca\/fr\/2021\/12\/16\/le-domaine-de-cawood-est-fier-detre-associe-au-grand-marche-zibi\/\" title=\"Le Domaine de Cawood est fier d\u2019\u00eatre associ\u00e9 au Grand March\u00e9 ZIBI\">Le Domaine de Cawood est fier d\u2019\u00eatre associ\u00e9 au Grand March\u00e9 ZIBI<\/a><\/h2>\n\t\n\t<p>[vc_row css=\".vc_custom_1604587233643{padding-top: 60px !important;padding-bottom: 40px !important;}\"][vc_column]16 d\u00e9cembre 2021Le Domaine de Cawood est fier d\u2019\u00eatre associ\u00e9\u2026<\/p><\/div>\n\n\t<div class=\"post-meta-bottom\">\n\t\t<div class=\"post-meta\">\n\t\t\t<a href=\"https:\/\/www.domainecawood.ca\/fr\/2021\/12\/16\/le-domaine-de-cawood-est-fier-detre-associe-au-grand-marche-zibi\/\" title=\"Le Domaine de Cawood est fier d\u2019\u00eatre associ\u00e9 au Grand March\u00e9 ZIBI\">16 d\u00e9cembre 2021<\/a>\n\t\t<\/div>\n\t\t\t<\/div>\n\t\t\t\t\t\t<\/article>\n\t\t\t\t\t\t\t\t\t\t<article id=\"post-538\" class=\"masonry-style-default post-538 post type-post status-publish format-standard hentry category-non-classifiee\">\n\t\t\t\t\t\t\t\n\t\n\n<div class=\"post-content post-content-spacing\">\n\t\n\n\t\t<h2 class=\"post-title\"><a href=\"https:\/\/www.domainecawood.ca\/fr\/2021\/02\/25\/carte-des-vins-et-vignobles-du-quebec-le-domaine-de-cawood-cite\/\" title=\"Carte des vins et vignobles du Qu\u00e9bec : le Domaine de Cawood cit\u00e9\">Carte des vins et vignobles du Qu\u00e9bec : le Domaine de Cawood cit\u00e9<\/a><\/h2>\n\t\n\t<p>[vc_row css=\".vc_custom_1604587233643{padding-top: 60px !important;padding-bottom: 40px !important;}\"][vc_column]25 f\u00e9vrier 2021Carte des vins et vignobles du Qu\u00e9bec :\u2026<\/p><\/div>\n\n\t<div class=\"post-meta-bottom\">\n\t\t<div class=\"post-meta\">\n\t\t\t<a href=\"https:\/\/www.domainecawood.ca\/fr\/2021\/02\/25\/carte-des-vins-et-vignobles-du-quebec-le-domaine-de-cawood-cite\/\" title=\"Carte des vins et vignobles du Qu\u00e9bec : le Domaine de Cawood cit\u00e9\">25 f\u00e9vrier 2021<\/a>\n\t\t<\/div>\n\t\t\t<\/div>\n\t\t\t\t\t\t<\/article>\n\t\t\t\t\t\t\t\t\t\t<article id=\"post-509\" class=\"masonry-style-default post-509 post type-post status-publish format-standard has-post-thumbnail hentry category-non-classifiee\">\n\t\t\t\t\t\t\t\n\t\t<div class=\"post-featured-img \">\n\t\t<a href=\"https:\/\/www.domainecawood.ca\/fr\/2021\/02\/01\/fier-de-participer-maintenant-a-loffre-de-produits-du-marche-de-loutaouais\/\" title=\"Fier de participer maintenant \u00e0 l\u2019offre de produits du March\u00e9 de l\u2019Outaouais\">\n\t\t\t<img loading=\"lazy\" decoding=\"async\" width=\"554\" height=\"418\" src=\"https:\/\/www.domainecawood.ca\/wp-content\/uploads\/2021\/02\/marche-outaouais.jpg\" class=\"attachment-fevr_wide size-fevr_wide wp-post-image\" alt=\"\" srcset=\"https:\/\/www.domainecawood.ca\/wp-content\/uploads\/2021\/02\/marche-outaouais.jpg 554w, https:\/\/www.domainecawood.ca\/wp-content\/uploads\/2021\/02\/marche-outaouais-300x226.jpg 300w, https:\/\/www.domainecawood.ca\/wp-content\/uploads\/2021\/02\/marche-outaouais-10x8.jpg 10w\" sizes=\"auto, (max-width: 554px) 100vw, 554px\" \/>\t\t<\/a>\n\t<\/div>\n\t\n\n<div class=\"post-content post-content-spacing\">\n\t\n\n\t\t<h2 class=\"post-title\"><a href=\"https:\/\/www.domainecawood.ca\/fr\/2021\/02\/01\/fier-de-participer-maintenant-a-loffre-de-produits-du-marche-de-loutaouais\/\" title=\"Fier de participer maintenant \u00e0 l\u2019offre de produits du March\u00e9 de l\u2019Outaouais\">Fier de participer maintenant \u00e0 l\u2019offre de produits du March\u00e9 de l\u2019Outaouais<\/a><\/h2>\n\t\n\t<p>Fier de participer maintenant \u00e0 l\u2019offre de produits du March\u00e9 de l\u2019Outaouais\u2026<\/p><\/div>\n\n\t<div class=\"post-meta-bottom\">\n\t\t<div class=\"post-meta\">\n\t\t\t<a href=\"https:\/\/www.domainecawood.ca\/fr\/2021\/02\/01\/fier-de-participer-maintenant-a-loffre-de-produits-du-marche-de-loutaouais\/\" title=\"Fier de participer maintenant \u00e0 l\u2019offre de produits du March\u00e9 de l\u2019Outaouais\">1 f\u00e9vrier 2021<\/a>\n\t\t<\/div>\n\t\t\t<\/div>\n\t\t\t\t\t\t<\/article>\n\t\t\t\t\t\t\t\t\t\t<article id=\"post-506\" class=\"masonry-style-default post-506 post type-post status-publish format-standard has-post-thumbnail hentry category-non-classifiee\">\n\t\t\t\t\t\t\t\n\t\t<div class=\"post-featured-img \">\n\t\t<a href=\"https:\/\/www.domainecawood.ca\/fr\/2021\/02\/01\/ambassadeurs-du-mouvement-outaouais-dabord\/\" title=\"Ambassadeurs du mouvement Outaouais d\u2019abord\">\n\t\t\t<img loading=\"lazy\" decoding=\"async\" width=\"554\" height=\"418\" src=\"https:\/\/www.domainecawood.ca\/wp-content\/uploads\/2021\/02\/Oiutaouais-dabord.jpg\" class=\"attachment-fevr_wide size-fevr_wide wp-post-image\" alt=\"\" srcset=\"https:\/\/www.domainecawood.ca\/wp-content\/uploads\/2021\/02\/Oiutaouais-dabord.jpg 554w, https:\/\/www.domainecawood.ca\/wp-content\/uploads\/2021\/02\/Oiutaouais-dabord-300x226.jpg 300w, https:\/\/www.domainecawood.ca\/wp-content\/uploads\/2021\/02\/Oiutaouais-dabord-10x8.jpg 10w\" sizes=\"auto, (max-width: 554px) 100vw, 554px\" \/>\t\t<\/a>\n\t<\/div>\n\t\n\n<div class=\"post-content post-content-spacing\">\n\t\n\n\t\t<h2 class=\"post-title\"><a href=\"https:\/\/www.domainecawood.ca\/fr\/2021\/02\/01\/ambassadeurs-du-mouvement-outaouais-dabord\/\" title=\"Ambassadeurs du mouvement Outaouais d\u2019abord\">Ambassadeurs du mouvement Outaouais d\u2019abord<\/a><\/h2>\n\t\n\t<p>Ambassadeurs du mouvement Outaouais d\u2019abord Le Domaine de Cawood est fier de faire\u2026<\/p><\/div>\n\n\t<div class=\"post-meta-bottom\">\n\t\t<div class=\"post-meta\">\n\t\t\t<a href=\"https:\/\/www.domainecawood.ca\/fr\/2021\/02\/01\/ambassadeurs-du-mouvement-outaouais-dabord\/\" title=\"Ambassadeurs du mouvement Outaouais d\u2019abord\">1 f\u00e9vrier 2021<\/a>\n\t\t<\/div>\n\t\t\t<\/div>\n\t\t\t\t\t\t<\/article>\n\t\t\t\t\t\t\t\t\t\t<article id=\"post-464\" class=\"masonry-style-default post-464 post type-post status-publish format-standard has-post-thumbnail hentry category-non-classifiee\">\n\t\t\t\t\t\t\t\n\t\t<div class=\"post-featured-img \">\n\t\t<a href=\"https:\/\/www.domainecawood.ca\/fr\/2020\/12\/07\/benoit-brassard-accueille-des-produits-du-domaine-de-cawood\/\" title=\"Beno\u00eet Brassard accueille des produits du Domaine de Cawood\">\n\t\t\t<img loading=\"lazy\" decoding=\"async\" width=\"554\" height=\"418\" src=\"https:\/\/www.domainecawood.ca\/wp-content\/uploads\/2020\/12\/Benoit-Brassard-4.jpg\" class=\"attachment-fevr_wide size-fevr_wide wp-post-image\" alt=\"\" srcset=\"https:\/\/www.domainecawood.ca\/wp-content\/uploads\/2020\/12\/Benoit-Brassard-4.jpg 554w, https:\/\/www.domainecawood.ca\/wp-content\/uploads\/2020\/12\/Benoit-Brassard-4-300x226.jpg 300w, https:\/\/www.domainecawood.ca\/wp-content\/uploads\/2020\/12\/Benoit-Brassard-4-10x8.jpg 10w\" sizes=\"auto, (max-width: 554px) 100vw, 554px\" \/>\t\t<\/a>\n\t<\/div>\n\t\n\n<div class=\"post-content post-content-spacing\">\n\t\n\n\t\t<h2 class=\"post-title\"><a href=\"https:\/\/www.domainecawood.ca\/fr\/2020\/12\/07\/benoit-brassard-accueille-des-produits-du-domaine-de-cawood\/\" title=\"Beno\u00eet Brassard accueille des produits du Domaine de Cawood\">Beno\u00eet Brassard accueille des produits du Domaine de Cawood<\/a><\/h2>\n\t\n\t<p>Beno\u00eet Brassard, d\u2019Isolation Red Hot, accueille des produits du Domaine de Cawood dans son tr\u00e8s\u2026<\/p><\/div>\n\n\t<div class=\"post-meta-bottom\">\n\t\t<div class=\"post-meta\">\n\t\t\t<a href=\"https:\/\/www.domainecawood.ca\/fr\/2020\/12\/07\/benoit-brassard-accueille-des-produits-du-domaine-de-cawood\/\" title=\"Beno\u00eet Brassard accueille des produits du Domaine de Cawood\">7 d\u00e9cembre 2020<\/a>\n\t\t<\/div>\n\t\t\t<\/div>\n\t\t\t\t\t\t<\/article>\n\t\t\t\t\t\t\t\t\t\t<article id=\"post-436\" class=\"masonry-style-default post-436 post type-post status-publish format-standard has-post-thumbnail hentry category-non-classifiee\">\n\t\t\t\t\t\t\t\n\t\t<div class=\"post-featured-img \">\n\t\t<a href=\"https:\/\/www.domainecawood.ca\/fr\/2020\/12\/01\/choix-du-lecteur\/\" title=\"Domaine de Cawood fait partie du meilleur du Pontiac\">\n\t\t\t<img loading=\"lazy\" decoding=\"async\" width=\"554\" height=\"418\" src=\"https:\/\/www.domainecawood.ca\/wp-content\/uploads\/2020\/12\/choix-du-lecteur.jpg\" class=\"attachment-fevr_wide size-fevr_wide wp-post-image\" alt=\"\" srcset=\"https:\/\/www.domainecawood.ca\/wp-content\/uploads\/2020\/12\/choix-du-lecteur.jpg 554w, https:\/\/www.domainecawood.ca\/wp-content\/uploads\/2020\/12\/choix-du-lecteur-300x226.jpg 300w, https:\/\/www.domainecawood.ca\/wp-content\/uploads\/2020\/12\/choix-du-lecteur-10x8.jpg 10w\" sizes=\"auto, (max-width: 554px) 100vw, 554px\" \/>\t\t<\/a>\n\t<\/div>\n\t\n\n<div class=\"post-content post-content-spacing\">\n\t\n\n\t\t<h2 class=\"post-title\"><a href=\"https:\/\/www.domainecawood.ca\/fr\/2020\/12\/01\/choix-du-lecteur\/\" title=\"Domaine de Cawood fait partie du meilleur du Pontiac\">Domaine de Cawood fait partie du meilleur du Pontiac<\/a><\/h2>\n\t\n\t<p>Domaine de Cawood fait partie du meilleur du Pontiac<\/p><\/div>\n\n\t<div class=\"post-meta-bottom\">\n\t\t<div class=\"post-meta\">\n\t\t\t<a href=\"https:\/\/www.domainecawood.ca\/fr\/2020\/12\/01\/choix-du-lecteur\/\" title=\"Domaine de Cawood fait partie du meilleur du Pontiac\">1 d\u00e9cembre 2020<\/a>\n\t\t<\/div>\n\t\t\t<\/div>\n\t\t\t\t\t\t<\/article>\n\t\t\t\t\t\t\t\t\t\t<article id=\"post-223\" class=\"masonry-style-default post-223 post type-post status-publish format-standard has-post-thumbnail hentry category-non-classifiee\">\n\t\t\t\t\t\t\t\n\t\t<div class=\"post-featured-img \">\n\t\t<a href=\"https:\/\/www.domainecawood.ca\/fr\/2020\/11\/05\/article-exemple\/\" title=\"Actualit\u00e9s de novembre\">\n\t\t\t<img loading=\"lazy\" decoding=\"async\" width=\"554\" height=\"418\" src=\"https:\/\/www.domainecawood.ca\/wp-content\/uploads\/2020\/11\/vobembre1.jpg\" class=\"attachment-fevr_wide size-fevr_wide wp-post-image\" alt=\"\" srcset=\"https:\/\/www.domainecawood.ca\/wp-content\/uploads\/2020\/11\/vobembre1.jpg 554w, https:\/\/www.domainecawood.ca\/wp-content\/uploads\/2020\/11\/vobembre1-300x226.jpg 300w, https:\/\/www.domainecawood.ca\/wp-content\/uploads\/2020\/11\/vobembre1-10x8.jpg 10w\" sizes=\"auto, (max-width: 554px) 100vw, 554px\" \/>\t\t<\/a>\n\t<\/div>\n\t\n\n<div class=\"post-content post-content-spacing\">\n\t\n\n\t\t<h2 class=\"post-title\"><a href=\"https:\/\/www.domainecawood.ca\/fr\/2020\/11\/05\/article-exemple\/\" title=\"Actualit\u00e9s de novembre\">Actualit\u00e9s de novembre<\/a><\/h2>\n\t\n\t<p>Le travail au champ avance : on fait une pr\u00e9-taille des vignes en pr\u00e9vision de\u2026<\/p><\/div>\n\n\t<div class=\"post-meta-bottom\">\n\t\t<div class=\"post-meta\">\n\t\t\t<a href=\"https:\/\/www.domainecawood.ca\/fr\/2020\/11\/05\/article-exemple\/\" title=\"Actualit\u00e9s de novembre\">5 novembre 2020<\/a>\n\t\t<\/div>\n\t\t\t<\/div>\n\t\t\t\t\t\t<\/article>\n\t\t\t\t\t\t\t\t\t\t<article id=\"post-96\" class=\"masonry-style-default post-96 post type-post status-publish format-standard has-post-thumbnail hentry category-non-classifiee\">\n\t\t\t\t\t\t\t\n\t\t<div class=\"post-featured-img \">\n\t\t<a href=\"https:\/\/www.domainecawood.ca\/fr\/2020\/11\/04\/article-3\/\" title=\"Le vin\">\n\t\t\t<img loading=\"lazy\" decoding=\"async\" width=\"554\" height=\"418\" src=\"https:\/\/www.domainecawood.ca\/wp-content\/uploads\/2020\/11\/levin1.jpg\" class=\"attachment-fevr_wide size-fevr_wide wp-post-image\" alt=\"\" srcset=\"https:\/\/www.domainecawood.ca\/wp-content\/uploads\/2020\/11\/levin1.jpg 554w, https:\/\/www.domainecawood.ca\/wp-content\/uploads\/2020\/11\/levin1-300x226.jpg 300w, https:\/\/www.domainecawood.ca\/wp-content\/uploads\/2020\/11\/levin1-10x8.jpg 10w\" sizes=\"auto, (max-width: 554px) 100vw, 554px\" \/>\t\t<\/a>\n\t<\/div>\n\t\n\n<div class=\"post-content post-content-spacing\">\n\t\n\n\t\t<h2 class=\"post-title\"><a href=\"https:\/\/www.domainecawood.ca\/fr\/2020\/11\/04\/article-3\/\" title=\"Le vin\">Le vin<\/a><\/h2>\n\t\n\t<p>\u00c0 ce chapitre, le vignoble fait appel \u00e0 des sp\u00e9cialistes en agronomie, en \u0153nologie. De\u2026<\/p><\/div>\n\n\t<div class=\"post-meta-bottom\">\n\t\t<div class=\"post-meta\">\n\t\t\t<a href=\"https:\/\/www.domainecawood.ca\/fr\/2020\/11\/04\/article-3\/\" title=\"Le vin\">4 novembre 2020<\/a>\n\t\t<\/div>\n\t\t\t<\/div>\n\t\t\t\t\t\t<\/article>\n\t\t\t\t\t\t\t\t\t\t<article id=\"post-91\" class=\"masonry-style-default post-91 post type-post status-publish format-standard has-post-thumbnail hentry category-non-classifiee\">\n\t\t\t\t\t\t\t\n\t\t<div class=\"post-featured-img \">\n\t\t<a href=\"https:\/\/www.domainecawood.ca\/fr\/2020\/11\/04\/article-2\/\" title=\"La vinification : le chai\">\n\t\t\t<img loading=\"lazy\" decoding=\"async\" width=\"554\" height=\"418\" src=\"https:\/\/www.domainecawood.ca\/wp-content\/uploads\/2020\/11\/vinification.jpg\" class=\"attachment-fevr_wide size-fevr_wide wp-post-image\" alt=\"\" srcset=\"https:\/\/www.domainecawood.ca\/wp-content\/uploads\/2020\/11\/vinification.jpg 554w, https:\/\/www.domainecawood.ca\/wp-content\/uploads\/2020\/11\/vinification-300x226.jpg 300w, https:\/\/www.domainecawood.ca\/wp-content\/uploads\/2020\/11\/vinification-10x8.jpg 10w\" sizes=\"auto, (max-width: 554px) 100vw, 554px\" \/>\t\t<\/a>\n\t<\/div>\n\t\n\n<div class=\"post-content post-content-spacing\">\n\t\n\n\t\t<h2 class=\"post-title\"><a href=\"https:\/\/www.domainecawood.ca\/fr\/2020\/11\/04\/article-2\/\" title=\"La vinification : le chai\">La vinification : le chai<\/a><\/h2>\n\t\n\t<p>Il est essentiel de pouvoir compter sur une construction bien adapt\u00e9e aux besoins de la\u2026<\/p><\/div>\n\n\t<div class=\"post-meta-bottom\">\n\t\t<div class=\"post-meta\">\n\t\t\t<a href=\"https:\/\/www.domainecawood.ca\/fr\/2020\/11\/04\/article-2\/\" title=\"La vinification : le chai\">4 novembre 2020<\/a>\n\t\t<\/div>\n\t\t\t<\/div>\n\t\t\t\t\t\t<\/article>\n\t\t\t\t\t\t\t\t\t\t<article id=\"post-1\" class=\"masonry-style-default post-1 post type-post status-publish format-standard has-post-thumbnail hentry category-non-classifiee\">\n\t\t\t\t\t\t\t\n\t\t<div class=\"post-featured-img \">\n\t\t<a href=\"https:\/\/www.domainecawood.ca\/fr\/2020\/11\/02\/bonjour-tout-le-monde\/\" title=\"Le travail de la vigne\">\n\t\t\t<img loading=\"lazy\" decoding=\"async\" width=\"554\" height=\"418\" src=\"https:\/\/www.domainecawood.ca\/wp-content\/uploads\/2020\/11\/blog-img.jpg\" class=\"attachment-fevr_wide size-fevr_wide wp-post-image\" alt=\"\" srcset=\"https:\/\/www.domainecawood.ca\/wp-content\/uploads\/2020\/11\/blog-img.jpg 554w, https:\/\/www.domainecawood.ca\/wp-content\/uploads\/2020\/11\/blog-img-300x226.jpg 300w, https:\/\/www.domainecawood.ca\/wp-content\/uploads\/2020\/11\/blog-img-10x8.jpg 10w\" sizes=\"auto, (max-width: 554px) 100vw, 554px\" \/>\t\t<\/a>\n\t<\/div>\n\t\n\n<div class=\"post-content post-content-spacing\">\n\t\n\n\t\t<h2 class=\"post-title\"><a href=\"https:\/\/www.domainecawood.ca\/fr\/2020\/11\/02\/bonjour-tout-le-monde\/\" title=\"Le travail de la vigne\">Le travail de la vigne<\/a><\/h2>\n\t\n\t<p>Processus lent par d\u00e9finition, les essais au Qu\u00e9bec sont prudents et font l\u2019objet de nombreux\u2026<\/p><\/div>\n\n\t<div class=\"post-meta-bottom\">\n\t\t<div class=\"post-meta\">\n\t\t\t<a href=\"https:\/\/www.domainecawood.ca\/fr\/2020\/11\/02\/bonjour-tout-le-monde\/\" title=\"Le travail de la vigne\">2 novembre 2020<\/a>\n\t\t<\/div>\n\t\t\t<\/div>\n\t\t\t\t\t\t<\/article>\n\t\t\t\t\t\t\t\t<\/div>\n\n\t\t[\/vc_column][\/vc_row]<\/p>\n<\/div>","protected":false},"excerpt":{"rendered":"<p>[vc_row content_placement=\u00a0\u00bbmiddle\u00a0\u00bb css=\u00a0\u00bb.vc_custom_1604448176509{padding-top: 60px !important;padding-bottom: 60px !important;}\u00a0\u00bb][vc_column luv_text_alignment=\u00a0\u00bbcenter\u00a0\u00bb][vc_single_image image=\u00a0\u00bb201&Prime; alignment=\u00a0\u00bbcenter\u00a0\u00bb][\/vc_column][\/vc_row][vc_row css=\u00a0\u00bb.vc_custom_1604586608487{padding-bottom: 60px !important;}\u00a0\u00bb][vc_column][\/vc_column][\/vc_row]<\/p>\n","protected":false},"author":1,"featured_media":0,"parent":0,"menu_order":0,"comment_status":"closed","ping_status":"closed","template":"","meta":{"footnotes":""},"class_list":["post-199","page","type-page","status-publish","hentry"],"yoast_head":"<!-- This site is optimized with the Yoast SEO plugin v27.2 - https:\/\/yoast.com\/product\/yoast-seo-wordpress\/ -->\n<title>Domaine de Cawood | Actualit\u00e9s vins qu\u00e9b\u00e9cois<\/title>\n<meta name=\"robots\" content=\"index, follow, max-snippet:-1, max-image-preview:large, max-video-preview:-1\" \/>\n<link rel=\"canonical\" href=\"https:\/\/www.domainecawood.ca\/fr\/actualites\/\" \/>\n<meta property=\"og:locale\" content=\"fr_FR\" \/>\n<meta property=\"og:type\" content=\"article\" \/>\n<meta property=\"og:title\" content=\"Domaine de Cawood | Actualit\u00e9s vins qu\u00e9b\u00e9cois\" \/>\n<meta property=\"og:description\" content=\"[vc_row content_placement=\u00a0\u00bbmiddle\u00a0\u00bb css=\u00a0\u00bb.vc_custom_1604448176509{padding-top: 60px !important;padding-bottom: 60px !important;}\u00a0\u00bb][vc_column luv_text_alignment=\u00a0\u00bbcenter\u00a0\u00bb][vc_single_image image=\u00a0\u00bb201&Prime; alignment=\u00a0\u00bbcenter\u00a0\u00bb][\/vc_column][\/vc_row][vc_row css=\u00a0\u00bb.vc_custom_1604586608487{padding-bottom: 60px !important;}\u00a0\u00bb][vc_column][\/vc_column][\/vc_row]\" \/>\n<meta property=\"og:url\" content=\"https:\/\/www.domainecawood.ca\/fr\/actualites\/\" \/>\n<meta property=\"og:site_name\" content=\"Domaine de Cawood\" \/>\n<meta property=\"article:modified_time\" content=\"2020-11-13T15:02:37+00:00\" \/>\n<meta property=\"og:image\" content=\"https:\/\/www.domainecawood.ca\/wp-content\/uploads\/2020\/11\/img-preview.jpg\" \/>\n\t<meta property=\"og:image:width\" content=\"1200\" \/>\n\t<meta property=\"og:image:height\" content=\"800\" \/>\n\t<meta property=\"og:image:type\" content=\"image\/jpeg\" \/>\n<meta name=\"twitter:card\" content=\"summary_large_image\" \/>\n<meta name=\"twitter:label1\" content=\"Dur\u00e9e de lecture estim\u00e9e\" \/>\n\t<meta name=\"twitter:data1\" content=\"1 minute\" \/>\n<script type=\"application\/ld+json\" class=\"yoast-schema-graph\">{\"@context\":\"https:\/\/schema.org\",\"@graph\":[{\"@type\":\"WebPage\",\"@id\":\"https:\/\/www.domainecawood.ca\/fr\/actualites\/\",\"url\":\"https:\/\/www.domainecawood.ca\/fr\/actualites\/\",\"name\":\"Domaine de Cawood | Actualit\u00e9s vins qu\u00e9b\u00e9cois\",\"isPartOf\":{\"@id\":\"https:\/\/www.domainecawood.ca\/fr\/#website\"},\"datePublished\":\"2020-11-05T14:27:00+00:00\",\"dateModified\":\"2020-11-13T15:02:37+00:00\",\"breadcrumb\":{\"@id\":\"https:\/\/www.domainecawood.ca\/fr\/actualites\/#breadcrumb\"},\"inLanguage\":\"fr-FR\",\"potentialAction\":[{\"@type\":\"ReadAction\",\"target\":[\"https:\/\/www.domainecawood.ca\/fr\/actualites\/\"]}]},{\"@type\":\"BreadcrumbList\",\"@id\":\"https:\/\/www.domainecawood.ca\/fr\/actualites\/#breadcrumb\",\"itemListElement\":[{\"@type\":\"ListItem\",\"position\":1,\"name\":\"Accueil\",\"item\":\"https:\/\/www.domainecawood.ca\/fr\/\"},{\"@type\":\"ListItem\",\"position\":2,\"name\":\"Actualit\u00e9s\"}]},{\"@type\":\"WebSite\",\"@id\":\"https:\/\/www.domainecawood.ca\/fr\/#website\",\"url\":\"https:\/\/www.domainecawood.ca\/fr\/\",\"name\":\"Domaine de Cawood\",\"description\":\"Un site utilisant WordPress\",\"potentialAction\":[{\"@type\":\"SearchAction\",\"target\":{\"@type\":\"EntryPoint\",\"urlTemplate\":\"https:\/\/www.domainecawood.ca\/fr\/?s={search_term_string}\"},\"query-input\":{\"@type\":\"PropertyValueSpecification\",\"valueRequired\":true,\"valueName\":\"search_term_string\"}}],\"inLanguage\":\"fr-FR\"}]}<\/script>\n<!-- \/ Yoast SEO plugin. -->","yoast_head_json":{"title":"Domaine de Cawood | Actualit\u00e9s vins qu\u00e9b\u00e9cois","robots":{"index":"index","follow":"follow","max-snippet":"max-snippet:-1","max-image-preview":"max-image-preview:large","max-video-preview":"max-video-preview:-1"},"canonical":"https:\/\/www.domainecawood.ca\/fr\/actualites\/","og_locale":"fr_FR","og_type":"article","og_title":"Domaine de Cawood | Actualit\u00e9s vins qu\u00e9b\u00e9cois","og_description":"[vc_row content_placement=\u00a0\u00bbmiddle\u00a0\u00bb css=\u00a0\u00bb.vc_custom_1604448176509{padding-top: 60px !important;padding-bottom: 60px !important;}\u00a0\u00bb][vc_column luv_text_alignment=\u00a0\u00bbcenter\u00a0\u00bb][vc_single_image image=\u00a0\u00bb201&Prime; alignment=\u00a0\u00bbcenter\u00a0\u00bb][\/vc_column][\/vc_row][vc_row css=\u00a0\u00bb.vc_custom_1604586608487{padding-bottom: 60px !important;}\u00a0\u00bb][vc_column][\/vc_column][\/vc_row]","og_url":"https:\/\/www.domainecawood.ca\/fr\/actualites\/","og_site_name":"Domaine de Cawood","article_modified_time":"2020-11-13T15:02:37+00:00","og_image":[{"width":1200,"height":800,"url":"https:\/\/www.domainecawood.ca\/wp-content\/uploads\/2020\/11\/img-preview.jpg","type":"image\/jpeg"}],"twitter_card":"summary_large_image","twitter_misc":{"Dur\u00e9e de lecture estim\u00e9e":"1 minute"},"schema":{"@context":"https:\/\/schema.org","@graph":[{"@type":"WebPage","@id":"https:\/\/www.domainecawood.ca\/fr\/actualites\/","url":"https:\/\/www.domainecawood.ca\/fr\/actualites\/","name":"Domaine de Cawood | Actualit\u00e9s vins qu\u00e9b\u00e9cois","isPartOf":{"@id":"https:\/\/www.domainecawood.ca\/fr\/#website"},"datePublished":"2020-11-05T14:27:00+00:00","dateModified":"2020-11-13T15:02:37+00:00","breadcrumb":{"@id":"https:\/\/www.domainecawood.ca\/fr\/actualites\/#breadcrumb"},"inLanguage":"fr-FR","potentialAction":[{"@type":"ReadAction","target":["https:\/\/www.domainecawood.ca\/fr\/actualites\/"]}]},{"@type":"BreadcrumbList","@id":"https:\/\/www.domainecawood.ca\/fr\/actualites\/#breadcrumb","itemListElement":[{"@type":"ListItem","position":1,"name":"Accueil","item":"https:\/\/www.domainecawood.ca\/fr\/"},{"@type":"ListItem","position":2,"name":"Actualit\u00e9s"}]},{"@type":"WebSite","@id":"https:\/\/www.domainecawood.ca\/fr\/#website","url":"https:\/\/www.domainecawood.ca\/fr\/","name":"Domaine de Cawood","description":"Un site utilisant WordPress","potentialAction":[{"@type":"SearchAction","target":{"@type":"EntryPoint","urlTemplate":"https:\/\/www.domainecawood.ca\/fr\/?s={search_term_string}"},"query-input":{"@type":"PropertyValueSpecification","valueRequired":true,"valueName":"search_term_string"}}],"inLanguage":"fr-FR"}]}},"_links":{"self":[{"href":"https:\/\/www.domainecawood.ca\/fr\/wp-json\/wp\/v2\/pages\/199","targetHints":{"allow":["GET"]}}],"collection":[{"href":"https:\/\/www.domainecawood.ca\/fr\/wp-json\/wp\/v2\/pages"}],"about":[{"href":"https:\/\/www.domainecawood.ca\/fr\/wp-json\/wp\/v2\/types\/page"}],"author":[{"embeddable":true,"href":"https:\/\/www.domainecawood.ca\/fr\/wp-json\/wp\/v2\/users\/1"}],"replies":[{"embeddable":true,"href":"https:\/\/www.domainecawood.ca\/fr\/wp-json\/wp\/v2\/comments?post=199"}],"version-history":[{"count":6,"href":"https:\/\/www.domainecawood.ca\/fr\/wp-json\/wp\/v2\/pages\/199\/revisions"}],"predecessor-version":[{"id":220,"href":"https:\/\/www.domainecawood.ca\/fr\/wp-json\/wp\/v2\/pages\/199\/revisions\/220"}],"wp:attachment":[{"href":"https:\/\/www.domainecawood.ca\/fr\/wp-json\/wp\/v2\/media?parent=199"}],"curies":[{"name":"wp","href":"https:\/\/api.w.org\/{rel}","templated":true}]}}