{"id":193,"date":"2020-11-05T14:23:51","date_gmt":"2020-11-05T14:23:51","guid":{"rendered":"http:\/\/www.domainecawood.ca\/?page_id=193"},"modified":"2026-04-09T16:29:30","modified_gmt":"2026-04-09T16:29:30","slug":"points-de-vente","status":"publish","type":"page","link":"https:\/\/www.domainecawood.ca\/fr\/points-de-vente\/","title":{"rendered":"Points de vente"},"content":{"rendered":"<div class=\"wpb-content-wrapper\"><p>[vc_row content_placement=\u00a0\u00bbmiddle\u00a0\u00bb css=\u00a0\u00bb.vc_custom_1604448176509{padding-top: 60px !important;padding-bottom: 60px !important;}\u00a0\u00bb][vc_column luv_text_alignment=\u00a0\u00bbcenter\u00a0\u00bb][vc_single_image image=\u00a0\u00bb195&Prime; alignment=\u00a0\u00bbcenter\u00a0\u00bb]<h2 class=\" luv_dynamic-06f2271b   \">Pour acheter nos produits aux<\/h2><h1 class=\" luv_dynamic-bf6d4faa   \">POINTS DE VENTE<\/h1>[vc_column_text css=\u00a0\u00bb.vc_custom_1775752168814{padding-right: 15% !important;padding-left: 15% !important;}\u00a0\u00bb]Maintenant disponible :<\/p>\n<p><strong>Le produit disponible actuellement, soit un vin rouge, est maintenant disponible :\u00a0<\/strong><\/p>\n<p><strong><img loading=\"lazy\" decoding=\"async\" class=\"wp-image-720 aligncenter\" src=\"https:\/\/www.domainecawood.ca\/wp-content\/uploads\/2024\/06\/logo-footer-copy-300x292.png\" alt=\"\" width=\"175\" height=\"170\" srcset=\"https:\/\/www.domainecawood.ca\/wp-content\/uploads\/2024\/06\/logo-footer-copy-300x292.png 300w, https:\/\/www.domainecawood.ca\/wp-content\/uploads\/2024\/06\/logo-footer-copy-1024x997.png 1024w, https:\/\/www.domainecawood.ca\/wp-content\/uploads\/2024\/06\/logo-footer-copy-768x748.png 768w, https:\/\/www.domainecawood.ca\/wp-content\/uploads\/2024\/06\/logo-footer-copy-1536x1495.png 1536w, https:\/\/www.domainecawood.ca\/wp-content\/uploads\/2024\/06\/logo-footer-copy-10x10.png 10w, https:\/\/www.domainecawood.ca\/wp-content\/uploads\/2024\/06\/logo-footer-copy-2000x1947.png 2000w, https:\/\/www.domainecawood.ca\/wp-content\/uploads\/2024\/06\/logo-footer-copy.png 2006w\" sizes=\"auto, (max-width: 175px) 100vw, 175px\" \/><\/strong><\/p>\n<p style=\"text-align: center;\"><strong>Tous les deux samedis de 9h \u00e0 13h durant la p\u00e9riode estivale.<\/strong><br \/>\n<strong>38, Chemin de la Vall\u00e9e de Wakefield, Wakefield, QC, J0X 3G0<\/strong><\/p>\n<p style=\"text-align: center;\"><strong><img loading=\"lazy\" decoding=\"async\" class=\"size-medium wp-image-805 aligncenter\" src=\"https:\/\/www.domainecawood.ca\/wp-content\/uploads\/2026\/04\/logo-vieux-aylmer-300x292.png\" alt=\"\" width=\"300\" height=\"292\" srcset=\"https:\/\/www.domainecawood.ca\/wp-content\/uploads\/2026\/04\/logo-vieux-aylmer-300x292.png 300w, https:\/\/www.domainecawood.ca\/wp-content\/uploads\/2026\/04\/logo-vieux-aylmer-10x10.png 10w, https:\/\/www.domainecawood.ca\/wp-content\/uploads\/2026\/04\/logo-vieux-aylmer.png 768w\" sizes=\"auto, (max-width: 300px) 100vw, 300px\" \/>Tous les deux dimanches, de 9 h \u00e0 14 h, durant la p\u00e9riode estivale.<br \/>\n117 rue principale, Aylmer, QC, J9H 2M2<\/strong><\/p>\n<p>&nbsp;<\/p>\n<p>Les m\u00e9canismes de mise \u00e0 disposition du produit (points de vente) sont actuellement \u00e0 l\u2019examen. En effet, le r\u00e9seau de distribution reste \u00e0 construire. Nous y travaillons\u2026[\/vc_column_text][\/vc_column][\/vc_row]<\/p>\n<\/div>","protected":false},"excerpt":{"rendered":"<p>[vc_row content_placement=\u00a0\u00bbmiddle\u00a0\u00bb css=\u00a0\u00bb.vc_custom_1604448176509{padding-top: 60px !important;padding-bottom: 60px !important;}\u00a0\u00bb][vc_column luv_text_alignment=\u00a0\u00bbcenter\u00a0\u00bb][vc_single_image image=\u00a0\u00bb195&Prime; alignment=\u00a0\u00bbcenter\u00a0\u00bb][vc_column_text css=\u00a0\u00bb.vc_custom_1775752168814{padding-right: 15% !important;padding-left: 15% !important;}\u00a0\u00bb]Maintenant disponible : Le produit disponible actuellement, soit un vin rouge, est maintenant disponible :\u00a0 Tous les deux samedis de 9h \u00e0 13h durant la p\u00e9riode estivale. 38, Chemin de la Vall\u00e9e de Wakefield, Wakefield, QC, J0X 3G0 Tous les deux [&hellip;]<\/p>\n","protected":false},"author":1,"featured_media":0,"parent":0,"menu_order":0,"comment_status":"closed","ping_status":"closed","template":"","meta":{"footnotes":""},"class_list":["post-193","page","type-page","status-publish","hentry"],"yoast_head":"<!-- This site is optimized with the Yoast SEO plugin v27.2 - https:\/\/yoast.com\/product\/yoast-seo-wordpress\/ -->\n<title>Domaine de Cawood | Points de vente - Vins qu\u00e9b\u00e9cois - Outaouais<\/title>\n<meta name=\"description\" content=\"Nos vins rouge, blanc et ros\u00e9, se retrouvent dans diff\u00e9rents points de vente dans la r\u00e9gion de l&#039;Outaouais.\" \/>\n<meta name=\"robots\" content=\"index, follow, max-snippet:-1, max-image-preview:large, max-video-preview:-1\" \/>\n<link rel=\"canonical\" href=\"https:\/\/www.domainecawood.ca\/fr\/points-de-vente\/\" \/>\n<meta property=\"og:locale\" content=\"fr_FR\" \/>\n<meta property=\"og:type\" content=\"article\" \/>\n<meta property=\"og:title\" content=\"Domaine de Cawood | Points de vente - Vins qu\u00e9b\u00e9cois - Outaouais\" \/>\n<meta property=\"og:description\" content=\"Nos vins rouge, blanc et ros\u00e9, se retrouvent dans diff\u00e9rents points de vente dans la r\u00e9gion de l&#039;Outaouais.\" \/>\n<meta property=\"og:url\" content=\"https:\/\/www.domainecawood.ca\/fr\/points-de-vente\/\" \/>\n<meta property=\"og:site_name\" content=\"Domaine de Cawood\" \/>\n<meta property=\"article:modified_time\" content=\"2026-04-09T16:29:30+00:00\" \/>\n<meta property=\"og:image\" content=\"https:\/\/www.domainecawood.ca\/wp-content\/uploads\/2024\/06\/logo-footer-copy-300x292.png\" \/>\n<meta name=\"twitter:card\" content=\"summary_large_image\" \/>\n<meta name=\"twitter:label1\" content=\"Dur\u00e9e de lecture estim\u00e9e\" \/>\n\t<meta name=\"twitter:data1\" content=\"2 minutes\" \/>\n<script type=\"application\/ld+json\" class=\"yoast-schema-graph\">{\"@context\":\"https:\/\/schema.org\",\"@graph\":[{\"@type\":\"WebPage\",\"@id\":\"https:\/\/www.domainecawood.ca\/fr\/points-de-vente\/\",\"url\":\"https:\/\/www.domainecawood.ca\/fr\/points-de-vente\/\",\"name\":\"Domaine de Cawood | Points de vente - Vins qu\u00e9b\u00e9cois - Outaouais\",\"isPartOf\":{\"@id\":\"https:\/\/www.domainecawood.ca\/fr\/#website\"},\"primaryImageOfPage\":{\"@id\":\"https:\/\/www.domainecawood.ca\/fr\/points-de-vente\/#primaryimage\"},\"image\":{\"@id\":\"https:\/\/www.domainecawood.ca\/fr\/points-de-vente\/#primaryimage\"},\"thumbnailUrl\":\"https:\/\/www.domainecawood.ca\/wp-content\/uploads\/2024\/06\/logo-footer-copy-300x292.png\",\"datePublished\":\"2020-11-05T14:23:51+00:00\",\"dateModified\":\"2026-04-09T16:29:30+00:00\",\"description\":\"Nos vins rouge, blanc et ros\u00e9, se retrouvent dans diff\u00e9rents points de vente dans la r\u00e9gion de l'Outaouais.\",\"breadcrumb\":{\"@id\":\"https:\/\/www.domainecawood.ca\/fr\/points-de-vente\/#breadcrumb\"},\"inLanguage\":\"fr-FR\",\"potentialAction\":[{\"@type\":\"ReadAction\",\"target\":[\"https:\/\/www.domainecawood.ca\/fr\/points-de-vente\/\"]}]},{\"@type\":\"ImageObject\",\"inLanguage\":\"fr-FR\",\"@id\":\"https:\/\/www.domainecawood.ca\/fr\/points-de-vente\/#primaryimage\",\"url\":\"https:\/\/www.domainecawood.ca\/wp-content\/uploads\/2024\/06\/logo-footer-copy-300x292.png\",\"contentUrl\":\"https:\/\/www.domainecawood.ca\/wp-content\/uploads\/2024\/06\/logo-footer-copy-300x292.png\"},{\"@type\":\"BreadcrumbList\",\"@id\":\"https:\/\/www.domainecawood.ca\/fr\/points-de-vente\/#breadcrumb\",\"itemListElement\":[{\"@type\":\"ListItem\",\"position\":1,\"name\":\"Accueil\",\"item\":\"https:\/\/www.domainecawood.ca\/fr\/\"},{\"@type\":\"ListItem\",\"position\":2,\"name\":\"Points de vente\"}]},{\"@type\":\"WebSite\",\"@id\":\"https:\/\/www.domainecawood.ca\/fr\/#website\",\"url\":\"https:\/\/www.domainecawood.ca\/fr\/\",\"name\":\"Domaine de Cawood\",\"description\":\"Un site utilisant WordPress\",\"potentialAction\":[{\"@type\":\"SearchAction\",\"target\":{\"@type\":\"EntryPoint\",\"urlTemplate\":\"https:\/\/www.domainecawood.ca\/fr\/?s={search_term_string}\"},\"query-input\":{\"@type\":\"PropertyValueSpecification\",\"valueRequired\":true,\"valueName\":\"search_term_string\"}}],\"inLanguage\":\"fr-FR\"}]}<\/script>\n<!-- \/ Yoast SEO plugin. -->","yoast_head_json":{"title":"Domaine de Cawood | Points de vente - Vins qu\u00e9b\u00e9cois - Outaouais","description":"Nos vins rouge, blanc et ros\u00e9, se retrouvent dans diff\u00e9rents points de vente dans la r\u00e9gion de l'Outaouais.","robots":{"index":"index","follow":"follow","max-snippet":"max-snippet:-1","max-image-preview":"max-image-preview:large","max-video-preview":"max-video-preview:-1"},"canonical":"https:\/\/www.domainecawood.ca\/fr\/points-de-vente\/","og_locale":"fr_FR","og_type":"article","og_title":"Domaine de Cawood | Points de vente - Vins qu\u00e9b\u00e9cois - Outaouais","og_description":"Nos vins rouge, blanc et ros\u00e9, se retrouvent dans diff\u00e9rents points de vente dans la r\u00e9gion de l'Outaouais.","og_url":"https:\/\/www.domainecawood.ca\/fr\/points-de-vente\/","og_site_name":"Domaine de Cawood","article_modified_time":"2026-04-09T16:29:30+00:00","og_image":[{"url":"https:\/\/www.domainecawood.ca\/wp-content\/uploads\/2024\/06\/logo-footer-copy-300x292.png","type":"","width":"","height":""}],"twitter_card":"summary_large_image","twitter_misc":{"Dur\u00e9e de lecture estim\u00e9e":"2 minutes"},"schema":{"@context":"https:\/\/schema.org","@graph":[{"@type":"WebPage","@id":"https:\/\/www.domainecawood.ca\/fr\/points-de-vente\/","url":"https:\/\/www.domainecawood.ca\/fr\/points-de-vente\/","name":"Domaine de Cawood | Points de vente - Vins qu\u00e9b\u00e9cois - Outaouais","isPartOf":{"@id":"https:\/\/www.domainecawood.ca\/fr\/#website"},"primaryImageOfPage":{"@id":"https:\/\/www.domainecawood.ca\/fr\/points-de-vente\/#primaryimage"},"image":{"@id":"https:\/\/www.domainecawood.ca\/fr\/points-de-vente\/#primaryimage"},"thumbnailUrl":"https:\/\/www.domainecawood.ca\/wp-content\/uploads\/2024\/06\/logo-footer-copy-300x292.png","datePublished":"2020-11-05T14:23:51+00:00","dateModified":"2026-04-09T16:29:30+00:00","description":"Nos vins rouge, blanc et ros\u00e9, se retrouvent dans diff\u00e9rents points de vente dans la r\u00e9gion de l'Outaouais.","breadcrumb":{"@id":"https:\/\/www.domainecawood.ca\/fr\/points-de-vente\/#breadcrumb"},"inLanguage":"fr-FR","potentialAction":[{"@type":"ReadAction","target":["https:\/\/www.domainecawood.ca\/fr\/points-de-vente\/"]}]},{"@type":"ImageObject","inLanguage":"fr-FR","@id":"https:\/\/www.domainecawood.ca\/fr\/points-de-vente\/#primaryimage","url":"https:\/\/www.domainecawood.ca\/wp-content\/uploads\/2024\/06\/logo-footer-copy-300x292.png","contentUrl":"https:\/\/www.domainecawood.ca\/wp-content\/uploads\/2024\/06\/logo-footer-copy-300x292.png"},{"@type":"BreadcrumbList","@id":"https:\/\/www.domainecawood.ca\/fr\/points-de-vente\/#breadcrumb","itemListElement":[{"@type":"ListItem","position":1,"name":"Accueil","item":"https:\/\/www.domainecawood.ca\/fr\/"},{"@type":"ListItem","position":2,"name":"Points de vente"}]},{"@type":"WebSite","@id":"https:\/\/www.domainecawood.ca\/fr\/#website","url":"https:\/\/www.domainecawood.ca\/fr\/","name":"Domaine de Cawood","description":"Un site utilisant WordPress","potentialAction":[{"@type":"SearchAction","target":{"@type":"EntryPoint","urlTemplate":"https:\/\/www.domainecawood.ca\/fr\/?s={search_term_string}"},"query-input":{"@type":"PropertyValueSpecification","valueRequired":true,"valueName":"search_term_string"}}],"inLanguage":"fr-FR"}]}},"_links":{"self":[{"href":"https:\/\/www.domainecawood.ca\/fr\/wp-json\/wp\/v2\/pages\/193","targetHints":{"allow":["GET"]}}],"collection":[{"href":"https:\/\/www.domainecawood.ca\/fr\/wp-json\/wp\/v2\/pages"}],"about":[{"href":"https:\/\/www.domainecawood.ca\/fr\/wp-json\/wp\/v2\/types\/page"}],"author":[{"embeddable":true,"href":"https:\/\/www.domainecawood.ca\/fr\/wp-json\/wp\/v2\/users\/1"}],"replies":[{"embeddable":true,"href":"https:\/\/www.domainecawood.ca\/fr\/wp-json\/wp\/v2\/comments?post=193"}],"version-history":[{"count":15,"href":"https:\/\/www.domainecawood.ca\/fr\/wp-json\/wp\/v2\/pages\/193\/revisions"}],"predecessor-version":[{"id":812,"href":"https:\/\/www.domainecawood.ca\/fr\/wp-json\/wp\/v2\/pages\/193\/revisions\/812"}],"wp:attachment":[{"href":"https:\/\/www.domainecawood.ca\/fr\/wp-json\/wp\/v2\/media?parent=193"}],"curies":[{"name":"wp","href":"https:\/\/api.w.org\/{rel}","templated":true}]}}