{"id":147,"date":"2020-11-04T20:38:00","date_gmt":"2020-11-04T20:38:00","guid":{"rendered":"http:\/\/www.domainecawood.ca\/?page_id=147"},"modified":"2026-04-09T19:25:43","modified_gmt":"2026-04-09T19:25:43","slug":"nos-vins","status":"publish","type":"page","link":"https:\/\/www.domainecawood.ca\/fr\/nos-vins\/","title":{"rendered":"Nos vins"},"content":{"rendered":"<div class=\"wpb-content-wrapper\"><p>[vc_row full_width=\u00a0\u00bbstretch_row\u00a0\u00bb content_placement=\u00a0\u00bbmiddle\u00a0\u00bb css=\u00a0\u00bb.vc_custom_1604522368915{padding-top: 60px !important;padding-bottom: 60px !important;background-color: #f0f0f0 !important;}\u00a0\u00bb][vc_column luv_text_alignment=\u00a0\u00bbcenter\u00a0\u00bb][vc_single_image image=\u00a0\u00bb142&Prime; alignment=\u00a0\u00bbcenter\u00a0\u00bb]<h2 class=\" luv_dynamic-06f2271b   \">Un vin fi\u00e8rement d'ici!<\/h2><h1 class=\" luv_dynamic-bf6d4faa   \">NOS VINS<\/h1>[vc_column_text css=\u00a0\u00bb.vc_custom_1604522278491{padding-right: 15% !important;padding-left: 15% !important;}\u00a0\u00bb]On ne saurait trop souligner le caract\u00e8re tr\u00e8s local du vignoble et de son vin. Plein d\u2019avantages \u00e0 acheter les produits d\u2019ici : on fait tourner l\u2019\u00e9conomie de la r\u00e9gion. Malgr\u00e9 sa taille modeste, le vignoble fait appel \u00e0 des dizaine de fournisseurs\u2026d\u2019ici.<\/p>\n<p>De plus, disponible d\u2019abord dans la r\u00e9gion de l\u2019Outaouais, le vin propos\u00e9 ne fait pas le tour de la terre avant de vous parvenir. Donc, petite note environnementale \u00e0 retenir\u2026<\/p>\n<p>Les prochaines cuv\u00e9es seront faites aussi \u00e0 partir de c\u00e9pages blancs.[\/vc_column_text][\/vc_column][\/vc_row][vc_row full_height=\u00a0\u00bbyes\u00a0\u00bb content_placement=\u00a0\u00bbmiddle\u00a0\u00bb css=\u00a0\u00bb.vc_custom_1604596625902{padding-top: 100px !important;padding-bottom: 100px !important;}\u00a0\u00bb][vc_column width=\u00a0\u00bb1\/2&Prime;]<h2 class=\" luv_dynamic-06f2271b   \">D\u00e9couvrez notre<\/h2><h1 class=\" luv_dynamic-bf6d4faa   \">VIN ROUGE PERLE NOIRE<\/h1>[vc_column_text]C\u00e9page, grape variety, Marquette et Petite perle[\/vc_column_text][vc_column_text]<strong><span style=\"color: #752231; font-size: 16px;\">17,39 $<\/span><\/strong> + taxes = 19,99 $ \u00a0750 ml | Qu\u00e9bec | 12,5 % ALC.\/VOL.[\/vc_column_text]<a href=\"\/commandes\/\" target=\"_self\" class=\"btn btn-shortcode luv_dynamic-6854d4a3 btn-rounded btn-full btn-l luv_dynamic-b255d874\" ><span>Commander<\/span><\/a>[\/vc_column][vc_column width=\u00a0\u00bb1\/2&Prime;][vc_single_image image=\u00a0\u00bb336&Prime; alignment=\u00a0\u00bbcenter\u00a0\u00bb][\/vc_column][\/vc_row][vc_row full_height=\u00a0\u00bbyes\u00a0\u00bb content_placement=\u00a0\u00bbmiddle\u00a0\u00bb css=\u00a0\u00bb.vc_custom_1604596625902{padding-top: 100px !important;padding-bottom: 100px !important;}\u00a0\u00bb][vc_column width=\u00a0\u00bb1\/2&Prime;][vc_single_image image=\u00a0\u00bb336&Prime; alignment=\u00a0\u00bbcenter\u00a0\u00bb][\/vc_column][vc_column width=\u00a0\u00bb1\/2&Prime;]<h2 class=\" luv_dynamic-06f2271b   \">D\u00e9couvrez notre<\/h2><h1 class=\" luv_dynamic-bf6d4faa   \">VIN ROUGE MONTAGNE DU LOUP<\/h1>[vc_column_text]C\u00e9page Marquette, Petite perle[\/vc_column_text][vc_column_text]<strong><span style=\"color: #752231; font-size: 16px;\">17,39 $<\/span><\/strong> + taxes = 19,99 $ \u00a0750 ml | Qu\u00e9bec | 12,5 % ALC.\/VOL.[\/vc_column_text]<a href=\"\/commandes\/\" target=\"_self\" class=\"btn btn-shortcode luv_dynamic-6854d4a3 btn-rounded btn-full btn-l luv_dynamic-b255d874\" ><span>Commander<\/span><\/a>[\/vc_column][\/vc_row][vc_row full_height=\u00a0\u00bbyes\u00a0\u00bb content_placement=\u00a0\u00bbmiddle\u00a0\u00bb css=\u00a0\u00bb.vc_custom_1604597392792{padding-top: 50px !important;padding-bottom: 100px !important;}\u00a0\u00bb][vc_column width=\u00a0\u00bb1\/2&Prime;]<h2 class=\" luv_dynamic-06f2271b   \">D\u00e9couvrez notre<\/h2><h1 class=\" luv_dynamic-bf6d4faa   \">VIN ROS\u00c9 PERLE ROSE<\/h1>[vc_column_text]C\u00e9page, grape variety, Marquette et Petite perle[\/vc_column_text][vc_column_text]<strong><span style=\"color: #752231; font-size: 16px;\">17,39 $<\/span><\/strong> + taxes = 19,99 $ \u00a0750 ml | Qu\u00e9bec | 12,5 % ALC.\/VOL.[\/vc_column_text]<a href=\"\/commandes\/\" target=\"_self\" class=\"btn btn-shortcode luv_dynamic-6854d4a3 btn-rounded btn-full btn-l luv_dynamic-b255d874\" ><span>Commander<\/span><\/a>[\/vc_column][vc_column width=\u00a0\u00bb1\/2&Prime;][vc_single_image image=\u00a0\u00bb332&Prime;][\/vc_column][\/vc_row][vc_row full_height=\u00a0\u00bbyes\u00a0\u00bb content_placement=\u00a0\u00bbmiddle\u00a0\u00bb css=\u00a0\u00bb.vc_custom_1604597392792{padding-top: 50px !important;padding-bottom: 100px !important;}\u00a0\u00bb][vc_column width=\u00a0\u00bb1\/2&Prime;][vc_single_image image=\u00a0\u00bb330&Prime;][\/vc_column][vc_column width=\u00a0\u00bb1\/2&Prime;]<h2 class=\" luv_dynamic-06f2271b   \">D\u00e9couvrez notre<\/h2><h1 class=\" luv_dynamic-bf6d4faa   \">VIN BLANC NORDIQUE<\/h1>[vc_column_text]C\u00e9page, grape variety, Seyval, Osceola Muscat, 10-18-14.[\/vc_column_text][vc_column_text]<strong><span style=\"color: #752231; font-size: 16px;\">17,39 $<\/span><\/strong> + taxes = 19,99 $ \u00a0750 ml | Qu\u00e9bec | 12,5 % ALC.\/VOL.[\/vc_column_text]<a href=\"\/commandes\/\" target=\"_self\" class=\"btn btn-shortcode luv_dynamic-6854d4a3 btn-rounded btn-full btn-l luv_dynamic-b255d874\" ><span>Commander<\/span><\/a>[\/vc_column][\/vc_row][vc_row full_height=\u00a0\u00bbyes\u00a0\u00bb content_placement=\u00a0\u00bbmiddle\u00a0\u00bb css=\u00a0\u00bb.vc_custom_1604597392792{padding-top: 50px !important;padding-bottom: 100px !important;}\u00a0\u00bb][vc_column width=\u00a0\u00bb1\/2&Prime;]<h2 class=\" luv_dynamic-06f2271b   \">D\u00e9couvrez notre<\/h2><h1 class=\" luv_dynamic-bf6d4faa   \">VIN BLANC COLLINE DU RENARD<\/h1>[vc_column_text]C\u00e9page Seyval, Osceola Muscat[\/vc_column_text][vc_column_text]<strong><span style=\"color: #752231; font-size: 16px;\">17,39 $<\/span><\/strong> + taxes = 19,99 $ \u00a0750 ml | Qu\u00e9bec | 12,5 % ALC.\/VOL.[\/vc_column_text]<a href=\"\/commandes\/\" target=\"_self\" class=\"btn btn-shortcode luv_dynamic-6854d4a3 btn-rounded btn-full btn-l luv_dynamic-b255d874\" ><span>Commander<\/span><\/a>[\/vc_column][vc_column width=\u00a0\u00bb1\/2&Prime;][vc_single_image image=\u00a0\u00bb330&Prime;][\/vc_column][\/vc_row]<\/p>\n<\/div>","protected":false},"excerpt":{"rendered":"<p>[vc_row full_width=\u00a0\u00bbstretch_row\u00a0\u00bb content_placement=\u00a0\u00bbmiddle\u00a0\u00bb css=\u00a0\u00bb.vc_custom_1604522368915{padding-top: 60px !important;padding-bottom: 60px !important;background-color: #f0f0f0 !important;}\u00a0\u00bb][vc_column luv_text_alignment=\u00a0\u00bbcenter\u00a0\u00bb][vc_single_image image=\u00a0\u00bb142&Prime; alignment=\u00a0\u00bbcenter\u00a0\u00bb][vc_column_text css=\u00a0\u00bb.vc_custom_1604522278491{padding-right: 15% !important;padding-left: 15% !important;}\u00a0\u00bb]On ne saurait trop souligner le caract\u00e8re tr\u00e8s local du vignoble et de son vin. Plein d\u2019avantages \u00e0 acheter les produits d\u2019ici : on fait tourner l\u2019\u00e9conomie de la r\u00e9gion. Malgr\u00e9 sa taille modeste, le vignoble fait appel [&hellip;]<\/p>\n","protected":false},"author":1,"featured_media":0,"parent":0,"menu_order":0,"comment_status":"closed","ping_status":"closed","template":"","meta":{"footnotes":""},"class_list":["post-147","page","type-page","status-publish","hentry"],"yoast_head":"<!-- This site is optimized with the Yoast SEO plugin v27.2 - https:\/\/yoast.com\/product\/yoast-seo-wordpress\/ -->\n<title>Domaine de Cawood | Vins qu\u00e9b\u00e9cois - Rouge - Blanc - Ros\u00e9<\/title>\n<meta name=\"description\" content=\"On ne saurait souligner le caract\u00e8re local du vignoble et de son vin. Plein d\u2019avantages \u00e0 acheter les produits d\u2019ici.\" \/>\n<meta name=\"robots\" content=\"index, follow, max-snippet:-1, max-image-preview:large, max-video-preview:-1\" \/>\n<link rel=\"canonical\" href=\"https:\/\/www.domainecawood.ca\/fr\/nos-vins\/\" \/>\n<meta property=\"og:locale\" content=\"fr_FR\" \/>\n<meta property=\"og:type\" content=\"article\" \/>\n<meta property=\"og:title\" content=\"Domaine de Cawood | Vins qu\u00e9b\u00e9cois - Rouge - Blanc - Ros\u00e9\" \/>\n<meta property=\"og:description\" content=\"On ne saurait souligner le caract\u00e8re local du vignoble et de son vin. Plein d\u2019avantages \u00e0 acheter les produits d\u2019ici.\" \/>\n<meta property=\"og:url\" content=\"https:\/\/www.domainecawood.ca\/fr\/nos-vins\/\" \/>\n<meta property=\"og:site_name\" content=\"Domaine de Cawood\" \/>\n<meta property=\"article:modified_time\" content=\"2026-04-09T19:25:43+00:00\" \/>\n<meta property=\"og:image\" content=\"https:\/\/www.domainecawood.ca\/wp-content\/uploads\/2020\/11\/img-preview.jpg\" \/>\n\t<meta property=\"og:image:width\" content=\"1200\" \/>\n\t<meta property=\"og:image:height\" content=\"800\" \/>\n\t<meta property=\"og:image:type\" content=\"image\/jpeg\" \/>\n<meta name=\"twitter:card\" content=\"summary_large_image\" \/>\n<meta name=\"twitter:label1\" content=\"Dur\u00e9e de lecture estim\u00e9e\" \/>\n\t<meta name=\"twitter:data1\" content=\"4 minutes\" \/>\n<script type=\"application\/ld+json\" class=\"yoast-schema-graph\">{\"@context\":\"https:\/\/schema.org\",\"@graph\":[{\"@type\":\"WebPage\",\"@id\":\"https:\/\/www.domainecawood.ca\/fr\/nos-vins\/\",\"url\":\"https:\/\/www.domainecawood.ca\/fr\/nos-vins\/\",\"name\":\"Domaine de Cawood | Vins qu\u00e9b\u00e9cois - Rouge - Blanc - Ros\u00e9\",\"isPartOf\":{\"@id\":\"https:\/\/www.domainecawood.ca\/fr\/#website\"},\"datePublished\":\"2020-11-04T20:38:00+00:00\",\"dateModified\":\"2026-04-09T19:25:43+00:00\",\"description\":\"On ne saurait souligner le caract\u00e8re local du vignoble et de son vin. Plein d\u2019avantages \u00e0 acheter les produits d\u2019ici.\",\"breadcrumb\":{\"@id\":\"https:\/\/www.domainecawood.ca\/fr\/nos-vins\/#breadcrumb\"},\"inLanguage\":\"fr-FR\",\"potentialAction\":[{\"@type\":\"ReadAction\",\"target\":[\"https:\/\/www.domainecawood.ca\/fr\/nos-vins\/\"]}]},{\"@type\":\"BreadcrumbList\",\"@id\":\"https:\/\/www.domainecawood.ca\/fr\/nos-vins\/#breadcrumb\",\"itemListElement\":[{\"@type\":\"ListItem\",\"position\":1,\"name\":\"Accueil\",\"item\":\"https:\/\/www.domainecawood.ca\/fr\/\"},{\"@type\":\"ListItem\",\"position\":2,\"name\":\"Nos vins\"}]},{\"@type\":\"WebSite\",\"@id\":\"https:\/\/www.domainecawood.ca\/fr\/#website\",\"url\":\"https:\/\/www.domainecawood.ca\/fr\/\",\"name\":\"Domaine de Cawood\",\"description\":\"Un site utilisant WordPress\",\"potentialAction\":[{\"@type\":\"SearchAction\",\"target\":{\"@type\":\"EntryPoint\",\"urlTemplate\":\"https:\/\/www.domainecawood.ca\/fr\/?s={search_term_string}\"},\"query-input\":{\"@type\":\"PropertyValueSpecification\",\"valueRequired\":true,\"valueName\":\"search_term_string\"}}],\"inLanguage\":\"fr-FR\"}]}<\/script>\n<!-- \/ Yoast SEO plugin. -->","yoast_head_json":{"title":"Domaine de Cawood | Vins qu\u00e9b\u00e9cois - Rouge - Blanc - Ros\u00e9","description":"On ne saurait souligner le caract\u00e8re local du vignoble et de son vin. Plein d\u2019avantages \u00e0 acheter les produits d\u2019ici.","robots":{"index":"index","follow":"follow","max-snippet":"max-snippet:-1","max-image-preview":"max-image-preview:large","max-video-preview":"max-video-preview:-1"},"canonical":"https:\/\/www.domainecawood.ca\/fr\/nos-vins\/","og_locale":"fr_FR","og_type":"article","og_title":"Domaine de Cawood | Vins qu\u00e9b\u00e9cois - Rouge - Blanc - Ros\u00e9","og_description":"On ne saurait souligner le caract\u00e8re local du vignoble et de son vin. Plein d\u2019avantages \u00e0 acheter les produits d\u2019ici.","og_url":"https:\/\/www.domainecawood.ca\/fr\/nos-vins\/","og_site_name":"Domaine de Cawood","article_modified_time":"2026-04-09T19:25:43+00:00","og_image":[{"width":1200,"height":800,"url":"https:\/\/www.domainecawood.ca\/wp-content\/uploads\/2020\/11\/img-preview.jpg","type":"image\/jpeg"}],"twitter_card":"summary_large_image","twitter_misc":{"Dur\u00e9e de lecture estim\u00e9e":"4 minutes"},"schema":{"@context":"https:\/\/schema.org","@graph":[{"@type":"WebPage","@id":"https:\/\/www.domainecawood.ca\/fr\/nos-vins\/","url":"https:\/\/www.domainecawood.ca\/fr\/nos-vins\/","name":"Domaine de Cawood | Vins qu\u00e9b\u00e9cois - Rouge - Blanc - Ros\u00e9","isPartOf":{"@id":"https:\/\/www.domainecawood.ca\/fr\/#website"},"datePublished":"2020-11-04T20:38:00+00:00","dateModified":"2026-04-09T19:25:43+00:00","description":"On ne saurait souligner le caract\u00e8re local du vignoble et de son vin. Plein d\u2019avantages \u00e0 acheter les produits d\u2019ici.","breadcrumb":{"@id":"https:\/\/www.domainecawood.ca\/fr\/nos-vins\/#breadcrumb"},"inLanguage":"fr-FR","potentialAction":[{"@type":"ReadAction","target":["https:\/\/www.domainecawood.ca\/fr\/nos-vins\/"]}]},{"@type":"BreadcrumbList","@id":"https:\/\/www.domainecawood.ca\/fr\/nos-vins\/#breadcrumb","itemListElement":[{"@type":"ListItem","position":1,"name":"Accueil","item":"https:\/\/www.domainecawood.ca\/fr\/"},{"@type":"ListItem","position":2,"name":"Nos vins"}]},{"@type":"WebSite","@id":"https:\/\/www.domainecawood.ca\/fr\/#website","url":"https:\/\/www.domainecawood.ca\/fr\/","name":"Domaine de Cawood","description":"Un site utilisant WordPress","potentialAction":[{"@type":"SearchAction","target":{"@type":"EntryPoint","urlTemplate":"https:\/\/www.domainecawood.ca\/fr\/?s={search_term_string}"},"query-input":{"@type":"PropertyValueSpecification","valueRequired":true,"valueName":"search_term_string"}}],"inLanguage":"fr-FR"}]}},"_links":{"self":[{"href":"https:\/\/www.domainecawood.ca\/fr\/wp-json\/wp\/v2\/pages\/147","targetHints":{"allow":["GET"]}}],"collection":[{"href":"https:\/\/www.domainecawood.ca\/fr\/wp-json\/wp\/v2\/pages"}],"about":[{"href":"https:\/\/www.domainecawood.ca\/fr\/wp-json\/wp\/v2\/types\/page"}],"author":[{"embeddable":true,"href":"https:\/\/www.domainecawood.ca\/fr\/wp-json\/wp\/v2\/users\/1"}],"replies":[{"embeddable":true,"href":"https:\/\/www.domainecawood.ca\/fr\/wp-json\/wp\/v2\/comments?post=147"}],"version-history":[{"count":15,"href":"https:\/\/www.domainecawood.ca\/fr\/wp-json\/wp\/v2\/pages\/147\/revisions"}],"predecessor-version":[{"id":824,"href":"https:\/\/www.domainecawood.ca\/fr\/wp-json\/wp\/v2\/pages\/147\/revisions\/824"}],"wp:attachment":[{"href":"https:\/\/www.domainecawood.ca\/fr\/wp-json\/wp\/v2\/media?parent=147"}],"curies":[{"name":"wp","href":"https:\/\/api.w.org\/{rel}","templated":true}]}}