{"id":113,"date":"2020-11-04T19:39:03","date_gmt":"2020-11-04T19:39:03","guid":{"rendered":"http:\/\/www.domainecawood.ca\/?page_id=113"},"modified":"2024-06-24T15:29:49","modified_gmt":"2024-06-24T15:29:49","slug":"le-vignoble","status":"publish","type":"page","link":"https:\/\/www.domainecawood.ca\/fr\/le-vignoble\/","title":{"rendered":"Le vignoble"},"content":{"rendered":"<div class=\"wpb-content-wrapper\"><p>[vc_row full_width=\u00a0\u00bbstretch_row\u00a0\u00bb css=\u00a0\u00bb.vc_custom_1604519652284{padding-top: 60px !important;padding-bottom: 60px !important;background-color: #f0f0f0 !important;}\u00a0\u00bb][vc_column luv_text_alignment=\u00a0\u00bbcenter\u00a0\u00bb][vc_single_image image=\u00a0\u00bb116&Prime; alignment=\u00a0\u00bbcenter\u00a0\u00bb]<h2 class=\" luv_dynamic-06f2271b   \">La petite histoire du Domaine de Cawood<\/h2><h1 class=\" luv_dynamic-bf6d4faa   \">Le vignoble<\/h1>[vc_single_image image=\u00a0\u00bb303&Prime;]<h3 class=\" luv_dynamic-bf6d4faa   \">Lucie et Louis Claude Tremblay<\/h3><div class=\"luv-separator luv_dynamic-d95833d7     \"><\/div>[vc_row_inner gap=\u00a0\u00bb30&Prime;][vc_column_inner luv_text_alignment=\u00a0\u00bbleft\u00a0\u00bb width=\u00a0\u00bb1\/2&Prime;][vc_column_text]Situ\u00e9e dans l\u2019Outaouais qu\u00e9b\u00e9cois, la propri\u00e9t\u00e9 a \u00e9t\u00e9 acquise en 2009 par Lucie et Louis Claude Tremblay. \u00a0Plus loin dans l\u2019histoire, la propri\u00e9t\u00e9 \u00e9tait exploit\u00e9e \u00e0 des fins foresti\u00e8res.<\/p>\n<p>Malgr\u00e9 son \u00e9tat de d\u00e9cr\u00e9pitude et d\u2019abandon, les propri\u00e9taires ont vu le potentiel agricole et forestier de la terre de pr\u00e8s de 300 acres.<\/p>\n<p>Un nettoyage des champs et des bois a \u00e9t\u00e9 fait; des tests de sols ont \u00e9t\u00e9 conduits et un choix d\u2019exploitation a \u00e9t\u00e9 arr\u00eat\u00e9 : la culture de la vigne.[\/vc_column_text][\/vc_column_inner][vc_column_inner luv_text_alignment=\u00a0\u00bbleft\u00a0\u00bb width=\u00a0\u00bb1\/2&Prime;][vc_column_text]Des essais progressifs de divers c\u00e9pages ont \u00e9t\u00e9 men\u00e9s depuis 2015. Le chai a \u00e9t\u00e9 construit en 2019; la premi\u00e8re vinification a \u00e9t\u00e9 faite en 2019.<\/p>\n<p>Le projet s\u2019inscrit dans la revitalisation de la r\u00e9gion du Pontiac et de la Vall\u00e9e-de-la-Gatineau pour laquelle des efforts de dynamisation des affaires, d\u2019occupation du territoire et de mise en valeur des terres sont particuli\u00e8rement bienvenus.[\/vc_column_text][\/vc_column_inner][\/vc_row_inner][\/vc_column][\/vc_row][vc_row full_width=\u00a0\u00bbstretch_row\u00a0\u00bb css=\u00a0\u00bb.vc_custom_1604519691200{padding-top: 60px !important;padding-bottom: 60px !important;}\u00a0\u00bb][vc_column luv_text_alignment=\u00a0\u00bbcenter\u00a0\u00bb][vc_single_image image=\u00a0\u00bb130&Prime; alignment=\u00a0\u00bbcenter\u00a0\u00bb]<h2 class=\" luv_dynamic-06f2271b   \">Exploitation<\/h2><h1 class=\" luv_dynamic-bf6d4faa   \">du vignoble<\/h1><div class=\"luv-separator luv_dynamic-e744138f     \"><\/div>[vc_row_inner gap=\u00a0\u00bb30&Prime;][vc_column_inner luv_text_alignment=\u00a0\u00bbleft\u00a0\u00bb width=\u00a0\u00bb1\/2&Prime;]<h3 class=\" luv_dynamic-bf6d4faa   \">L\u2019encadrement<\/h3>[vc_column_text]L\u2019exploitation de vignobles en climat froid exige de fa\u00e7on g\u00e9n\u00e9rale l\u2019emploi des vari\u00e9t\u00e9s rustiques, appel\u00e9es hybrides, qui ont \u00e9t\u00e9 d\u00e9velopp\u00e9es en Am\u00e9rique. Le vignoble est constitu\u00e9 essentiellement de ce type de vigne.<\/p>\n<p>Un plan d\u2019accompagnement agroenvironnemental a \u00e9t\u00e9 arr\u00eat\u00e9 au vignoble. Les activit\u00e9s d\u2019exploitation du vignoble sont men\u00e9es avec un souci constant pour l\u2019environnement.[\/vc_column_text][\/vc_column_inner][vc_column_inner luv_text_alignment=\u00a0\u00bbleft\u00a0\u00bb width=\u00a0\u00bb1\/2&Prime;]<h3 class=\" luv_dynamic-bf6d4faa   \">L\u2019encadrement technique et professionnel<\/h3>[vc_column_text]Le d\u00e9veloppement du vignoble est accompagn\u00e9 par les sp\u00e9cialistes du Minist\u00e8re de l\u2019Agriculture, des P\u00eacheries et de l\u2019Alimentation (MAPAQ) de la r\u00e9gion. Les propri\u00e9taires-exploitants du vignoble font aussi appel, de fa\u00e7on soutenue, \u00e0 des sp\u00e9cialistes du secteur priv\u00e9, en agronomie et en \u0153nologie.<\/p>\n<p>Jean Paul Martin est le consultant principal au vignoble et ma\u00eetre de chai, pour les op\u00e9rations de vinification. M. Martin, cumulant des exp\u00e9riences autant europ\u00e9ennes qu\u2019am\u00e9ricaines, est une autorit\u00e9 reconnue en mati\u00e8re d\u2019exploitation vinicole.[\/vc_column_text][\/vc_column_inner][\/vc_row_inner][\/vc_column][\/vc_row][vc_row full_width=\u00a0\u00bbstretch_row_content_no_spaces\u00a0\u00bb equal_height=\u00a0\u00bbyes\u00a0\u00bb content_placement=\u00a0\u00bbmiddle\u00a0\u00bb luv_text_alignment=\u00a0\u00bbcenter\u00a0\u00bb css=\u00a0\u00bb.vc_custom_1604348975782{margin-bottom: 0px !important;border-bottom-width: 0px !important;padding-bottom: 0px !important;}\u00a0\u00bb][vc_column width=\u00a0\u00bb1\/2&Prime; css=\u00a0\u00bb.vc_custom_1604520225433{padding-top: 20% !important;padding-right: 15% !important;padding-bottom: 20% !important;padding-left: 15% !important;background-color: #752231 !important;}\u00a0\u00bb font_color=\u00a0\u00bb#ffffff\u00a0\u00bb][vc_single_image image=\u00a0\u00bb132&Prime; alignment=\u00a0\u00bbcenter\u00a0\u00bb]<h2 class=\" luv_dynamic-06f2271b   \">Les vignes<\/h2><h1 class=\" luv_dynamic-bf6d4faa   \">en trois parcelles<\/h1>[vc_column_text font_color=\u00a0\u00bb#ffffff\u00a0\u00bb]La premi\u00e8re parcelle est exploit\u00e9e sur une \u00e9chelle r\u00e9duite permettant les tests de diff\u00e9rents c\u00e9pages : Marquette, Radisson, Petite Perle, Baltica, Seyval blanc, Louise Swenson blanc, 10-18-14 (en attente d\u2019un nom officiel) et Acadie blanc.<\/p>\n<p>La deuxi\u00e8me comprend des plants de Seyval blanc, 10-18-14 (en attente d\u2019un nom officiel) et des plants d\u2019Osceola muscat.<\/p>\n<p>La troisi\u00e8me comprend des plants de Marquette, des plants de Petite Perle et des plants d\u2019Osceola muscat.[\/vc_column_text][\/vc_column][vc_column width=\u00a0\u00bb1\/2&Prime; css=\u00a0\u00bb.vc_custom_1604520150137{padding-top: 100px !important;padding-right: 10% !important;padding-bottom: 100px !important;padding-left: 10% !important;background-image: url(http:\/\/www.domainecawood.ca\/wp-content\/uploads\/2020\/11\/img6.jpg?id=133) !important;background-position: center !important;background-repeat: no-repeat !important;background-size: cover !important;}\u00a0\u00bb][\/vc_column][\/vc_row][vc_row full_width=\u00a0\u00bbstretch_row_content_no_spaces\u00a0\u00bb equal_height=\u00a0\u00bbyes\u00a0\u00bb content_placement=\u00a0\u00bbmiddle\u00a0\u00bb luv_text_alignment=\u00a0\u00bbcenter\u00a0\u00bb css=\u00a0\u00bb.vc_custom_1604596986095{margin-bottom: 0px !important;border-bottom-width: 0px !important;padding-bottom: 0px !important;}\u00a0\u00bb font_color=\u00a0\u00bb#ffffff\u00a0\u00bb el_id=\u00a0\u00bbqualite-produits\u00a0\u00bb][vc_column width=\u00a0\u00bb1\/2&Prime; css=\u00a0\u00bb.vc_custom_1604597166106{padding-top: 100px !important;padding-right: 10% !important;padding-bottom: 100px !important;padding-left: 10% !important;background-image: url(http:\/\/www.domainecawood.ca\/wp-content\/uploads\/2020\/11\/img7.jpg?id=137) !important;background-position: center !important;background-repeat: no-repeat !important;background-size: cover !important;}\u00a0\u00bb font_color=\u00a0\u00bb#ffffff\u00a0\u00bb][\/vc_column][vc_column width=\u00a0\u00bb1\/2&Prime; css=\u00a0\u00bb.vc_custom_1604520430893{padding-top: 20% !important;padding-right: 15% !important;padding-bottom: 20% !important;padding-left: 15% !important;background-color: #8e5c67 !important;background-position: center !important;background-repeat: no-repeat !important;background-size: cover !important;}\u00a0\u00bb][vc_single_image image=\u00a0\u00bb139&Prime; alignment=\u00a0\u00bbcenter\u00a0\u00bb]<h2 class=\" luv_dynamic-06f2271b   \">L\u2019assurance de<\/h2><h1 class=\" luv_dynamic-bf6d4faa   \">qualit\u00e9 du produit<\/h1>[vc_column_text font_color=\u00a0\u00bb#ffffff\u00a0\u00bb]Le produit offert a fait l\u2019objet d\u2019un examen en laboratoire par la R\u00e9gie des alcools, des courses et des jeux (RACJ).<\/p>\n<p>Les propri\u00e9taires-exploitants ont re\u00e7u la certification Hygi\u00e8ne et salubrit\u00e9 d\u00e9cern\u00e9e par Agriculture, P\u00eacheries et Alimentation (MAPAQ).<\/p>\n<p>Un ma\u00eetre de chai et vinificateur d\u2019exp\u00e9rience, Jean Paul Martin, supervise toutes les \u00e9tapes de l\u2019\u00e9levage du vin en cuves.[\/vc_column_text][\/vc_column][\/vc_row][vc_row full_width=\u00a0\u00bbstretch_row\u00a0\u00bb css=\u00a0\u00bb.vc_custom_1604519691200{padding-top: 60px !important;padding-bottom: 60px !important;}\u00a0\u00bb][vc_column luv_text_alignment=\u00a0\u00bbcenter\u00a0\u00bb][vc_single_image image=\u00a0\u00bb144&Prime; alignment=\u00a0\u00bbcenter\u00a0\u00bb]<h2 class=\" luv_dynamic-06f2271b   \">Un produit de qualit\u00e9 gr\u00e2ce \u00e0<\/h2><h1 class=\" luv_dynamic-bf6d4faa   \">Un \u00e9quipement n\u00e9cessaire<\/h1><div class=\"luv-separator luv_dynamic-e744138f     \"><\/div>[vc_row_inner gap=\u00a0\u00bb30&Prime;][vc_column_inner luv_text_alignment=\u00a0\u00bbleft\u00a0\u00bb width=\u00a0\u00bb1\/2&Prime;][vc_column_text]Le caract\u00e8re artisanal de l\u2019exploitation du Domaine de Cawood ne sacrifie en rien les aspects professionnels de l\u2019\u00e9quipement, garant d\u2019un produit de qualit\u00e9.<\/p>\n<p>La construction neuve d\u2019un b\u00e2timent appel\u00e9 chai en 2019 r\u00e9pond aux hautes exigences de salubrit\u00e9 et de qualit\u00e9 du produit.<\/p>\n<p>Les cuves d\u2019\u00e9levage en inox utilis\u00e9es au vignoble sont thermor\u00e9gul\u00e9es, ce qui autorise l\u2019ajustement pr\u00e9cis des temp\u00e9ratures de vinification, selon les besoins.[\/vc_column_text][\/vc_column_inner][vc_column_inner luv_text_alignment=\u00a0\u00bbleft\u00a0\u00bb width=\u00a0\u00bb1\/2&Prime;][vc_column_text]La protection des c\u00e9pages en climat froid exige aussi des soins particuliers. Ainsi, des toiles g\u00e9otextiles sont utilis\u00e9es en p\u00e9riode hivernale et des toiles anti-insectes, en p\u00e9riode estivale.<\/p>\n<p>Le vignoble est \u00e9galement prot\u00e9g\u00e9 des animaux par des cl\u00f4tures, pour \u00e9viter toute d\u00e9t\u00e9rioration.[\/vc_column_text][\/vc_column_inner][\/vc_row_inner][\/vc_column][\/vc_row]<\/p>\n<\/div>","protected":false},"excerpt":{"rendered":"<p>[vc_row full_width=\u00a0\u00bbstretch_row\u00a0\u00bb css=\u00a0\u00bb.vc_custom_1604519652284{padding-top: 60px !important;padding-bottom: 60px !important;background-color: #f0f0f0 !important;}\u00a0\u00bb][vc_column luv_text_alignment=\u00a0\u00bbcenter\u00a0\u00bb][vc_single_image image=\u00a0\u00bb116&Prime; alignment=\u00a0\u00bbcenter\u00a0\u00bb][vc_single_image image=\u00a0\u00bb303&Prime;][vc_row_inner gap=\u00a0\u00bb30&Prime;][vc_column_inner luv_text_alignment=\u00a0\u00bbleft\u00a0\u00bb width=\u00a0\u00bb1\/2&Prime;][vc_column_text]Situ\u00e9e dans l\u2019Outaouais qu\u00e9b\u00e9cois, la propri\u00e9t\u00e9 a \u00e9t\u00e9 acquise en 2009 par Lucie et Louis Claude Tremblay. \u00a0Plus loin dans l\u2019histoire, la propri\u00e9t\u00e9 \u00e9tait exploit\u00e9e \u00e0 des fins foresti\u00e8res. Malgr\u00e9 son \u00e9tat de d\u00e9cr\u00e9pitude et d\u2019abandon, les propri\u00e9taires ont vu [&hellip;]<\/p>\n","protected":false},"author":1,"featured_media":0,"parent":0,"menu_order":0,"comment_status":"closed","ping_status":"closed","template":"","meta":{"footnotes":""},"class_list":["post-113","page","type-page","status-publish","hentry"],"yoast_head":"<!-- This site is optimized with the Yoast SEO plugin v27.2 - https:\/\/yoast.com\/product\/yoast-seo-wordpress\/ -->\n<title>Domaine de Cawood | Le vignoble - Danford Lake - Outaouais<\/title>\n<meta name=\"description\" content=\"Le caract\u00e8re artisanal de l\u2019exploitation du Domaine de Cawood ne sacrifie en rien les aspects professionnels, garant d\u2019un produit de qualit\u00e9.\" \/>\n<meta name=\"robots\" content=\"index, follow, max-snippet:-1, max-image-preview:large, max-video-preview:-1\" \/>\n<link rel=\"canonical\" href=\"https:\/\/www.domainecawood.ca\/fr\/le-vignoble\/\" \/>\n<meta property=\"og:locale\" content=\"fr_FR\" \/>\n<meta property=\"og:type\" content=\"article\" \/>\n<meta property=\"og:title\" content=\"Domaine de Cawood | Le vignoble - Danford Lake - Outaouais\" \/>\n<meta property=\"og:description\" content=\"Le caract\u00e8re artisanal de l\u2019exploitation du Domaine de Cawood ne sacrifie en rien les aspects professionnels, garant d\u2019un produit de qualit\u00e9.\" \/>\n<meta property=\"og:url\" content=\"https:\/\/www.domainecawood.ca\/fr\/le-vignoble\/\" \/>\n<meta property=\"og:site_name\" content=\"Domaine de Cawood\" \/>\n<meta property=\"article:modified_time\" content=\"2024-06-24T15:29:49+00:00\" \/>\n<meta property=\"og:image\" content=\"https:\/\/www.domainecawood.ca\/wp-content\/uploads\/2020\/11\/img-preview.jpg\" \/>\n\t<meta property=\"og:image:width\" content=\"1200\" \/>\n\t<meta property=\"og:image:height\" content=\"800\" \/>\n\t<meta property=\"og:image:type\" content=\"image\/jpeg\" \/>\n<meta name=\"twitter:card\" content=\"summary_large_image\" \/>\n<meta name=\"twitter:label1\" content=\"Dur\u00e9e de lecture estim\u00e9e\" \/>\n\t<meta name=\"twitter:data1\" content=\"5 minutes\" \/>\n<script type=\"application\/ld+json\" class=\"yoast-schema-graph\">{\"@context\":\"https:\/\/schema.org\",\"@graph\":[{\"@type\":\"WebPage\",\"@id\":\"https:\/\/www.domainecawood.ca\/fr\/le-vignoble\/\",\"url\":\"https:\/\/www.domainecawood.ca\/fr\/le-vignoble\/\",\"name\":\"Domaine de Cawood | Le vignoble - Danford Lake - Outaouais\",\"isPartOf\":{\"@id\":\"https:\/\/www.domainecawood.ca\/fr\/#website\"},\"datePublished\":\"2020-11-04T19:39:03+00:00\",\"dateModified\":\"2024-06-24T15:29:49+00:00\",\"description\":\"Le caract\u00e8re artisanal de l\u2019exploitation du Domaine de Cawood ne sacrifie en rien les aspects professionnels, garant d\u2019un produit de qualit\u00e9.\",\"breadcrumb\":{\"@id\":\"https:\/\/www.domainecawood.ca\/fr\/le-vignoble\/#breadcrumb\"},\"inLanguage\":\"fr-FR\",\"potentialAction\":[{\"@type\":\"ReadAction\",\"target\":[\"https:\/\/www.domainecawood.ca\/fr\/le-vignoble\/\"]}]},{\"@type\":\"BreadcrumbList\",\"@id\":\"https:\/\/www.domainecawood.ca\/fr\/le-vignoble\/#breadcrumb\",\"itemListElement\":[{\"@type\":\"ListItem\",\"position\":1,\"name\":\"Accueil\",\"item\":\"https:\/\/www.domainecawood.ca\/fr\/\"},{\"@type\":\"ListItem\",\"position\":2,\"name\":\"Le vignoble\"}]},{\"@type\":\"WebSite\",\"@id\":\"https:\/\/www.domainecawood.ca\/fr\/#website\",\"url\":\"https:\/\/www.domainecawood.ca\/fr\/\",\"name\":\"Domaine de Cawood\",\"description\":\"Un site utilisant WordPress\",\"potentialAction\":[{\"@type\":\"SearchAction\",\"target\":{\"@type\":\"EntryPoint\",\"urlTemplate\":\"https:\/\/www.domainecawood.ca\/fr\/?s={search_term_string}\"},\"query-input\":{\"@type\":\"PropertyValueSpecification\",\"valueRequired\":true,\"valueName\":\"search_term_string\"}}],\"inLanguage\":\"fr-FR\"}]}<\/script>\n<!-- \/ Yoast SEO plugin. -->","yoast_head_json":{"title":"Domaine de Cawood | Le vignoble - Danford Lake - Outaouais","description":"Le caract\u00e8re artisanal de l\u2019exploitation du Domaine de Cawood ne sacrifie en rien les aspects professionnels, garant d\u2019un produit de qualit\u00e9.","robots":{"index":"index","follow":"follow","max-snippet":"max-snippet:-1","max-image-preview":"max-image-preview:large","max-video-preview":"max-video-preview:-1"},"canonical":"https:\/\/www.domainecawood.ca\/fr\/le-vignoble\/","og_locale":"fr_FR","og_type":"article","og_title":"Domaine de Cawood | Le vignoble - Danford Lake - Outaouais","og_description":"Le caract\u00e8re artisanal de l\u2019exploitation du Domaine de Cawood ne sacrifie en rien les aspects professionnels, garant d\u2019un produit de qualit\u00e9.","og_url":"https:\/\/www.domainecawood.ca\/fr\/le-vignoble\/","og_site_name":"Domaine de Cawood","article_modified_time":"2024-06-24T15:29:49+00:00","og_image":[{"width":1200,"height":800,"url":"https:\/\/www.domainecawood.ca\/wp-content\/uploads\/2020\/11\/img-preview.jpg","type":"image\/jpeg"}],"twitter_card":"summary_large_image","twitter_misc":{"Dur\u00e9e de lecture estim\u00e9e":"5 minutes"},"schema":{"@context":"https:\/\/schema.org","@graph":[{"@type":"WebPage","@id":"https:\/\/www.domainecawood.ca\/fr\/le-vignoble\/","url":"https:\/\/www.domainecawood.ca\/fr\/le-vignoble\/","name":"Domaine de Cawood | Le vignoble - Danford Lake - Outaouais","isPartOf":{"@id":"https:\/\/www.domainecawood.ca\/fr\/#website"},"datePublished":"2020-11-04T19:39:03+00:00","dateModified":"2024-06-24T15:29:49+00:00","description":"Le caract\u00e8re artisanal de l\u2019exploitation du Domaine de Cawood ne sacrifie en rien les aspects professionnels, garant d\u2019un produit de qualit\u00e9.","breadcrumb":{"@id":"https:\/\/www.domainecawood.ca\/fr\/le-vignoble\/#breadcrumb"},"inLanguage":"fr-FR","potentialAction":[{"@type":"ReadAction","target":["https:\/\/www.domainecawood.ca\/fr\/le-vignoble\/"]}]},{"@type":"BreadcrumbList","@id":"https:\/\/www.domainecawood.ca\/fr\/le-vignoble\/#breadcrumb","itemListElement":[{"@type":"ListItem","position":1,"name":"Accueil","item":"https:\/\/www.domainecawood.ca\/fr\/"},{"@type":"ListItem","position":2,"name":"Le vignoble"}]},{"@type":"WebSite","@id":"https:\/\/www.domainecawood.ca\/fr\/#website","url":"https:\/\/www.domainecawood.ca\/fr\/","name":"Domaine de Cawood","description":"Un site utilisant WordPress","potentialAction":[{"@type":"SearchAction","target":{"@type":"EntryPoint","urlTemplate":"https:\/\/www.domainecawood.ca\/fr\/?s={search_term_string}"},"query-input":{"@type":"PropertyValueSpecification","valueRequired":true,"valueName":"search_term_string"}}],"inLanguage":"fr-FR"}]}},"_links":{"self":[{"href":"https:\/\/www.domainecawood.ca\/fr\/wp-json\/wp\/v2\/pages\/113","targetHints":{"allow":["GET"]}}],"collection":[{"href":"https:\/\/www.domainecawood.ca\/fr\/wp-json\/wp\/v2\/pages"}],"about":[{"href":"https:\/\/www.domainecawood.ca\/fr\/wp-json\/wp\/v2\/types\/page"}],"author":[{"embeddable":true,"href":"https:\/\/www.domainecawood.ca\/fr\/wp-json\/wp\/v2\/users\/1"}],"replies":[{"embeddable":true,"href":"https:\/\/www.domainecawood.ca\/fr\/wp-json\/wp\/v2\/comments?post=113"}],"version-history":[{"count":30,"href":"https:\/\/www.domainecawood.ca\/fr\/wp-json\/wp\/v2\/pages\/113\/revisions"}],"predecessor-version":[{"id":715,"href":"https:\/\/www.domainecawood.ca\/fr\/wp-json\/wp\/v2\/pages\/113\/revisions\/715"}],"wp:attachment":[{"href":"https:\/\/www.domainecawood.ca\/fr\/wp-json\/wp\/v2\/media?parent=113"}],"curies":[{"name":"wp","href":"https:\/\/api.w.org\/{rel}","templated":true}]}}