{"id":399,"date":"2020-11-05T15:41:08","date_gmt":"2020-11-05T15:41:08","guid":{"rendered":"http:\/\/www.domainecawood.ca\/?page_id=399"},"modified":"2021-12-16T14:45:06","modified_gmt":"2021-12-16T14:45:06","slug":"photo-gallery","status":"publish","type":"page","link":"https:\/\/www.domainecawood.ca\/en\/photo-gallery\/","title":{"rendered":"Photo Gallery"},"content":{"rendered":"<div class=\"wpb-content-wrapper\"><p>[vc_row content_placement=&#8221;middle&#8221; css=&#8221;.vc_custom_1604448176509{padding-top: 60px !important;padding-bottom: 60px !important;}&#8221;][vc_column luv_text_alignment=&#8221;center&#8221;][vc_single_image image=&#8221;241&#8243; alignment=&#8221;center&#8221;]<h2 class=\" luv_dynamic-06f2271b   \">Take a virtual visit with our<\/h2><h1 class=\" luv_dynamic-bf6d4faa   \">photo gallery<\/h1>[\/vc_column][\/vc_row][vc_row css=&#8221;.vc_custom_1604590924234{padding-bottom: 60px !important;}&#8221;][vc_column][vc_media_grid gap=&#8221;15&#8243; grid_id=&#8221;vc_gid:1639665870872-63a0b2be-ebe4-4&#8243; include=&#8221;300,227,228,229,230,231,232,233,234,354,576&#8243;][\/vc_column][\/vc_row]<\/p>\n<\/div>","protected":false},"excerpt":{"rendered":"<p>[vc_row content_placement=&#8221;middle&#8221; css=&#8221;.vc_custom_1604448176509{padding-top: 60px !important;padding-bottom: 60px !important;}&#8221;][vc_column luv_text_alignment=&#8221;center&#8221;][vc_single_image image=&#8221;241&#8243; alignment=&#8221;center&#8221;][\/vc_column][\/vc_row][vc_row css=&#8221;.vc_custom_1604590924234{padding-bottom: 60px !important;}&#8221;][vc_column][vc_media_grid gap=&#8221;15&#8243; grid_id=&#8221;vc_gid:1639665870872-63a0b2be-ebe4-4&#8243; include=&#8221;300,227,228,229,230,231,232,233,234,354,576&#8243;][\/vc_column][\/vc_row]<\/p>\n","protected":false},"author":1,"featured_media":0,"parent":0,"menu_order":0,"comment_status":"closed","ping_status":"closed","template":"","meta":{"footnotes":""},"class_list":["post-399","page","type-page","status-publish","hentry"],"yoast_head":"<!-- This site is optimized with the Yoast SEO plugin v27.2 - https:\/\/yoast.com\/product\/yoast-seo-wordpress\/ -->\n<title>Domaine de Cawood | Le vignoble en photos<\/title>\n<meta name=\"description\" content=\"D\u00e9couvrez le merveilleux vignoble qu\u00e9b\u00e9cois, Domaine de Cawood, situ\u00e9 \u00e0 Danford Lake en Outaouais. Une visite vous enchantera!\" \/>\n<meta name=\"robots\" content=\"index, follow, max-snippet:-1, max-image-preview:large, max-video-preview:-1\" \/>\n<link rel=\"canonical\" href=\"https:\/\/www.domainecawood.ca\/fr\/galerie\/\" \/>\n<meta property=\"og:locale\" content=\"en_US\" \/>\n<meta property=\"og:type\" content=\"article\" \/>\n<meta property=\"og:title\" content=\"Domaine de Cawood | Le vignoble en photos\" \/>\n<meta property=\"og:description\" content=\"D\u00e9couvrez le merveilleux vignoble qu\u00e9b\u00e9cois, Domaine de Cawood, situ\u00e9 \u00e0 Danford Lake en Outaouais. Une visite vous enchantera!\" \/>\n<meta property=\"og:url\" content=\"https:\/\/www.domainecawood.ca\/fr\/galerie\/\" \/>\n<meta property=\"og:site_name\" content=\"Domaine de Cawood\" \/>\n<meta property=\"article:modified_time\" content=\"2021-12-16T14:45:06+00:00\" \/>\n<meta property=\"og:image\" content=\"https:\/\/www.domainecawood.ca\/wp-content\/uploads\/2020\/11\/img-preview.jpg\" \/>\n\t<meta property=\"og:image:width\" content=\"1200\" \/>\n\t<meta property=\"og:image:height\" content=\"800\" \/>\n\t<meta property=\"og:image:type\" content=\"image\/jpeg\" \/>\n<meta name=\"twitter:card\" content=\"summary_large_image\" \/>\n<meta name=\"twitter:label1\" content=\"Est. reading time\" \/>\n\t<meta name=\"twitter:data1\" content=\"1 minute\" \/>\n<script type=\"application\/ld+json\" class=\"yoast-schema-graph\">{\"@context\":\"https:\/\/schema.org\",\"@graph\":[{\"@type\":\"WebPage\",\"@id\":\"https:\/\/www.domainecawood.ca\/fr\/galerie\/\",\"url\":\"https:\/\/www.domainecawood.ca\/fr\/galerie\/\",\"name\":\"Domaine de Cawood | Le vignoble en photos\",\"isPartOf\":{\"@id\":\"https:\/\/www.domainecawood.ca\/fr\/#website\"},\"datePublished\":\"2020-11-05T15:41:08+00:00\",\"dateModified\":\"2021-12-16T14:45:06+00:00\",\"description\":\"D\u00e9couvrez le merveilleux vignoble qu\u00e9b\u00e9cois, Domaine de Cawood, situ\u00e9 \u00e0 Danford Lake en Outaouais. Une visite vous enchantera!\",\"breadcrumb\":{\"@id\":\"https:\/\/www.domainecawood.ca\/fr\/galerie\/#breadcrumb\"},\"inLanguage\":\"en-US\",\"potentialAction\":[{\"@type\":\"ReadAction\",\"target\":[\"https:\/\/www.domainecawood.ca\/fr\/galerie\/\"]}]},{\"@type\":\"BreadcrumbList\",\"@id\":\"https:\/\/www.domainecawood.ca\/fr\/galerie\/#breadcrumb\",\"itemListElement\":[{\"@type\":\"ListItem\",\"position\":1,\"name\":\"Accueil\",\"item\":\"https:\/\/www.domainecawood.ca\/en\/\"},{\"@type\":\"ListItem\",\"position\":2,\"name\":\"Photo Gallery\"}]},{\"@type\":\"WebSite\",\"@id\":\"https:\/\/www.domainecawood.ca\/fr\/#website\",\"url\":\"https:\/\/www.domainecawood.ca\/fr\/\",\"name\":\"Domaine de Cawood\",\"description\":\"Un site utilisant WordPress\",\"potentialAction\":[{\"@type\":\"SearchAction\",\"target\":{\"@type\":\"EntryPoint\",\"urlTemplate\":\"https:\/\/www.domainecawood.ca\/fr\/?s={search_term_string}\"},\"query-input\":{\"@type\":\"PropertyValueSpecification\",\"valueRequired\":true,\"valueName\":\"search_term_string\"}}],\"inLanguage\":\"en-US\"}]}<\/script>\n<!-- \/ Yoast SEO plugin. -->","yoast_head_json":{"title":"Domaine de Cawood | Le vignoble en photos","description":"D\u00e9couvrez le merveilleux vignoble qu\u00e9b\u00e9cois, Domaine de Cawood, situ\u00e9 \u00e0 Danford Lake en Outaouais. Une visite vous enchantera!","robots":{"index":"index","follow":"follow","max-snippet":"max-snippet:-1","max-image-preview":"max-image-preview:large","max-video-preview":"max-video-preview:-1"},"canonical":"https:\/\/www.domainecawood.ca\/fr\/galerie\/","og_locale":"en_US","og_type":"article","og_title":"Domaine de Cawood | Le vignoble en photos","og_description":"D\u00e9couvrez le merveilleux vignoble qu\u00e9b\u00e9cois, Domaine de Cawood, situ\u00e9 \u00e0 Danford Lake en Outaouais. Une visite vous enchantera!","og_url":"https:\/\/www.domainecawood.ca\/fr\/galerie\/","og_site_name":"Domaine de Cawood","article_modified_time":"2021-12-16T14:45:06+00:00","og_image":[{"width":1200,"height":800,"url":"https:\/\/www.domainecawood.ca\/wp-content\/uploads\/2020\/11\/img-preview.jpg","type":"image\/jpeg"}],"twitter_card":"summary_large_image","twitter_misc":{"Est. reading time":"1 minute"},"schema":{"@context":"https:\/\/schema.org","@graph":[{"@type":"WebPage","@id":"https:\/\/www.domainecawood.ca\/fr\/galerie\/","url":"https:\/\/www.domainecawood.ca\/fr\/galerie\/","name":"Domaine de Cawood | Le vignoble en photos","isPartOf":{"@id":"https:\/\/www.domainecawood.ca\/fr\/#website"},"datePublished":"2020-11-05T15:41:08+00:00","dateModified":"2021-12-16T14:45:06+00:00","description":"D\u00e9couvrez le merveilleux vignoble qu\u00e9b\u00e9cois, Domaine de Cawood, situ\u00e9 \u00e0 Danford Lake en Outaouais. Une visite vous enchantera!","breadcrumb":{"@id":"https:\/\/www.domainecawood.ca\/fr\/galerie\/#breadcrumb"},"inLanguage":"en-US","potentialAction":[{"@type":"ReadAction","target":["https:\/\/www.domainecawood.ca\/fr\/galerie\/"]}]},{"@type":"BreadcrumbList","@id":"https:\/\/www.domainecawood.ca\/fr\/galerie\/#breadcrumb","itemListElement":[{"@type":"ListItem","position":1,"name":"Accueil","item":"https:\/\/www.domainecawood.ca\/en\/"},{"@type":"ListItem","position":2,"name":"Photo Gallery"}]},{"@type":"WebSite","@id":"https:\/\/www.domainecawood.ca\/fr\/#website","url":"https:\/\/www.domainecawood.ca\/fr\/","name":"Domaine de Cawood","description":"Un site utilisant WordPress","potentialAction":[{"@type":"SearchAction","target":{"@type":"EntryPoint","urlTemplate":"https:\/\/www.domainecawood.ca\/fr\/?s={search_term_string}"},"query-input":{"@type":"PropertyValueSpecification","valueRequired":true,"valueName":"search_term_string"}}],"inLanguage":"en-US"}]}},"_links":{"self":[{"href":"https:\/\/www.domainecawood.ca\/en\/wp-json\/wp\/v2\/pages\/399","targetHints":{"allow":["GET"]}}],"collection":[{"href":"https:\/\/www.domainecawood.ca\/en\/wp-json\/wp\/v2\/pages"}],"about":[{"href":"https:\/\/www.domainecawood.ca\/en\/wp-json\/wp\/v2\/types\/page"}],"author":[{"embeddable":true,"href":"https:\/\/www.domainecawood.ca\/en\/wp-json\/wp\/v2\/users\/1"}],"replies":[{"embeddable":true,"href":"https:\/\/www.domainecawood.ca\/en\/wp-json\/wp\/v2\/comments?post=399"}],"version-history":[{"count":6,"href":"https:\/\/www.domainecawood.ca\/en\/wp-json\/wp\/v2\/pages\/399\/revisions"}],"predecessor-version":[{"id":580,"href":"https:\/\/www.domainecawood.ca\/en\/wp-json\/wp\/v2\/pages\/399\/revisions\/580"}],"wp:attachment":[{"href":"https:\/\/www.domainecawood.ca\/en\/wp-json\/wp\/v2\/media?parent=399"}],"curies":[{"name":"wp","href":"https:\/\/api.w.org\/{rel}","templated":true}]}}