{"id":396,"date":"2020-11-05T14:23:51","date_gmt":"2020-11-05T14:23:51","guid":{"rendered":"http:\/\/www.domainecawood.ca\/?page_id=396"},"modified":"2026-04-09T16:29:00","modified_gmt":"2026-04-09T16:29:00","slug":"points-of-sale","status":"publish","type":"page","link":"https:\/\/www.domainecawood.ca\/en\/points-of-sale\/","title":{"rendered":"Points of sale"},"content":{"rendered":"<div class=\"wpb-content-wrapper\"><p>[vc_row content_placement=&#8221;middle&#8221; css=&#8221;.vc_custom_1604448176509{padding-top: 60px !important;padding-bottom: 60px !important;}&#8221;][vc_column luv_text_alignment=&#8221;center&#8221;][vc_single_image image=&#8221;625&#8243; alignment=&#8221;center&#8221;]<h2 class=\" luv_dynamic-06f2271b   \">To buy our products at<\/h2><h1 class=\" luv_dynamic-bf6d4faa   \">POINTS OF SALE<\/h1>[vc_column_text css=&#8221;.vc_custom_1775752138378{padding-right: 15% !important;padding-left: 15% !important;}&#8221;]For the moment :<\/p>\n<p><strong>Our red wine is now available at :<\/strong><\/p>\n<p><img loading=\"lazy\" decoding=\"async\" class=\"wp-image-721 aligncenter\" src=\"https:\/\/www.domainecawood.ca\/wp-content\/uploads\/2024\/06\/logo-footer-copy-300x292.png\" alt=\"\" width=\"183\" height=\"178\" srcset=\"https:\/\/www.domainecawood.ca\/wp-content\/uploads\/2024\/06\/logo-footer-copy-300x292.png 300w, https:\/\/www.domainecawood.ca\/wp-content\/uploads\/2024\/06\/logo-footer-copy-1024x997.png 1024w, https:\/\/www.domainecawood.ca\/wp-content\/uploads\/2024\/06\/logo-footer-copy-768x748.png 768w, https:\/\/www.domainecawood.ca\/wp-content\/uploads\/2024\/06\/logo-footer-copy-1536x1495.png 1536w, https:\/\/www.domainecawood.ca\/wp-content\/uploads\/2024\/06\/logo-footer-copy-10x10.png 10w, https:\/\/www.domainecawood.ca\/wp-content\/uploads\/2024\/06\/logo-footer-copy-2000x1947.png 2000w, https:\/\/www.domainecawood.ca\/wp-content\/uploads\/2024\/06\/logo-footer-copy.png 2006w\" sizes=\"auto, (max-width: 183px) 100vw, 183px\" \/><\/p>\n<p style=\"text-align: center;\"><strong>Every two Saturdays, 9 am to 1 pm from during summer<\/strong><br \/>\n<strong>38, Chemin de la Vall\u00e9e de Wakefield, Wakefield, QC, J0X 3G0<\/strong><\/p>\n<p style=\"text-align: center;\"><img loading=\"lazy\" decoding=\"async\" class=\"size-medium wp-image-806 aligncenter\" src=\"https:\/\/www.domainecawood.ca\/wp-content\/uploads\/2026\/04\/logo-vieux-aylmer-300x292.png\" alt=\"\" width=\"300\" height=\"292\" srcset=\"https:\/\/www.domainecawood.ca\/wp-content\/uploads\/2026\/04\/logo-vieux-aylmer-300x292.png 300w, https:\/\/www.domainecawood.ca\/wp-content\/uploads\/2026\/04\/logo-vieux-aylmer-10x10.png 10w, https:\/\/www.domainecawood.ca\/wp-content\/uploads\/2026\/04\/logo-vieux-aylmer.png 768w\" sizes=\"auto, (max-width: 300px) 100vw, 300px\" \/><strong>Every two Sundays, 9 am to 2 pm from during summer<br \/>\n<\/strong><strong>117 rue principale, Aylmer, QC, J9H 2M2<\/strong><\/p>\n<p>&nbsp;<\/p>\n<p>Methods of making the product available (points of sale) are currently under review. The distribution network has yet to be built. We\u2019re working on it&#8230;[\/vc_column_text][\/vc_column][\/vc_row]<\/p>\n<\/div>","protected":false},"excerpt":{"rendered":"<p>[vc_row content_placement=&#8221;middle&#8221; css=&#8221;.vc_custom_1604448176509{padding-top: 60px !important;padding-bottom: 60px !important;}&#8221;][vc_column luv_text_alignment=&#8221;center&#8221;][vc_single_image image=&#8221;625&#8243; alignment=&#8221;center&#8221;][vc_column_text css=&#8221;.vc_custom_1775752138378{padding-right: 15% !important;padding-left: 15% !important;}&#8221;]For the moment : Our red wine is now available at : Every two Saturdays, 9 am to 1 pm from during summer 38, Chemin de la Vall\u00e9e de Wakefield, Wakefield, QC, J0X 3G0 Every two Sundays, 9 am to 2 [&hellip;]<\/p>\n","protected":false},"author":1,"featured_media":0,"parent":0,"menu_order":0,"comment_status":"closed","ping_status":"closed","template":"","meta":{"footnotes":""},"class_list":["post-396","page","type-page","status-publish","hentry"],"yoast_head":"<!-- This site is optimized with the Yoast SEO plugin v27.2 - https:\/\/yoast.com\/product\/yoast-seo-wordpress\/ -->\n<title>Domaine de Cawood | Points of sale - Vins qu\u00e9b\u00e9cois - Outaouais<\/title>\n<meta name=\"description\" content=\"Nos vins rouge, blanc et ros\u00e9, se retrouvent dans diff\u00e9rents points de vente dans la r\u00e9gion de l&#039;Outaouais.\" \/>\n<meta name=\"robots\" content=\"index, follow, max-snippet:-1, max-image-preview:large, max-video-preview:-1\" \/>\n<link rel=\"canonical\" href=\"https:\/\/www.domainecawood.ca\/en\/points-of-sale\/\" \/>\n<meta property=\"og:locale\" content=\"en_US\" \/>\n<meta property=\"og:type\" content=\"article\" \/>\n<meta property=\"og:title\" content=\"Domaine de Cawood | Points of sale - Vins qu\u00e9b\u00e9cois - Outaouais\" \/>\n<meta property=\"og:description\" content=\"Nos vins rouge, blanc et ros\u00e9, se retrouvent dans diff\u00e9rents points de vente dans la r\u00e9gion de l&#039;Outaouais.\" \/>\n<meta property=\"og:url\" content=\"https:\/\/www.domainecawood.ca\/en\/points-of-sale\/\" \/>\n<meta property=\"og:site_name\" content=\"Domaine de Cawood\" \/>\n<meta property=\"article:modified_time\" content=\"2026-04-09T16:29:00+00:00\" \/>\n<meta property=\"og:image\" content=\"https:\/\/www.domainecawood.ca\/wp-content\/uploads\/2024\/06\/logo-footer-copy-300x292.png\" \/>\n<meta name=\"twitter:card\" content=\"summary_large_image\" \/>\n<meta name=\"twitter:label1\" content=\"Est. reading time\" \/>\n\t<meta name=\"twitter:data1\" content=\"2 minutes\" \/>\n<script type=\"application\/ld+json\" class=\"yoast-schema-graph\">{\"@context\":\"https:\/\/schema.org\",\"@graph\":[{\"@type\":\"WebPage\",\"@id\":\"https:\/\/www.domainecawood.ca\/en\/points-of-sale\/\",\"url\":\"https:\/\/www.domainecawood.ca\/en\/points-of-sale\/\",\"name\":\"Domaine de Cawood | Points of sale - Vins qu\u00e9b\u00e9cois - Outaouais\",\"isPartOf\":{\"@id\":\"https:\/\/www.domainecawood.ca\/fr\/#website\"},\"primaryImageOfPage\":{\"@id\":\"https:\/\/www.domainecawood.ca\/en\/points-of-sale\/#primaryimage\"},\"image\":{\"@id\":\"https:\/\/www.domainecawood.ca\/en\/points-of-sale\/#primaryimage\"},\"thumbnailUrl\":\"https:\/\/www.domainecawood.ca\/wp-content\/uploads\/2024\/06\/logo-footer-copy-300x292.png\",\"datePublished\":\"2020-11-05T14:23:51+00:00\",\"dateModified\":\"2026-04-09T16:29:00+00:00\",\"description\":\"Nos vins rouge, blanc et ros\u00e9, se retrouvent dans diff\u00e9rents points de vente dans la r\u00e9gion de l'Outaouais.\",\"breadcrumb\":{\"@id\":\"https:\/\/www.domainecawood.ca\/en\/points-of-sale\/#breadcrumb\"},\"inLanguage\":\"en-US\",\"potentialAction\":[{\"@type\":\"ReadAction\",\"target\":[\"https:\/\/www.domainecawood.ca\/en\/points-of-sale\/\"]}]},{\"@type\":\"ImageObject\",\"inLanguage\":\"en-US\",\"@id\":\"https:\/\/www.domainecawood.ca\/en\/points-of-sale\/#primaryimage\",\"url\":\"https:\/\/www.domainecawood.ca\/wp-content\/uploads\/2024\/06\/logo-footer-copy-300x292.png\",\"contentUrl\":\"https:\/\/www.domainecawood.ca\/wp-content\/uploads\/2024\/06\/logo-footer-copy-300x292.png\"},{\"@type\":\"BreadcrumbList\",\"@id\":\"https:\/\/www.domainecawood.ca\/en\/points-of-sale\/#breadcrumb\",\"itemListElement\":[{\"@type\":\"ListItem\",\"position\":1,\"name\":\"Accueil\",\"item\":\"https:\/\/www.domainecawood.ca\/en\/\"},{\"@type\":\"ListItem\",\"position\":2,\"name\":\"Points of sale\"}]},{\"@type\":\"WebSite\",\"@id\":\"https:\/\/www.domainecawood.ca\/fr\/#website\",\"url\":\"https:\/\/www.domainecawood.ca\/fr\/\",\"name\":\"Domaine de Cawood\",\"description\":\"Un site utilisant WordPress\",\"potentialAction\":[{\"@type\":\"SearchAction\",\"target\":{\"@type\":\"EntryPoint\",\"urlTemplate\":\"https:\/\/www.domainecawood.ca\/fr\/?s={search_term_string}\"},\"query-input\":{\"@type\":\"PropertyValueSpecification\",\"valueRequired\":true,\"valueName\":\"search_term_string\"}}],\"inLanguage\":\"en-US\"}]}<\/script>\n<!-- \/ Yoast SEO plugin. -->","yoast_head_json":{"title":"Domaine de Cawood | Points of sale - Vins qu\u00e9b\u00e9cois - Outaouais","description":"Nos vins rouge, blanc et ros\u00e9, se retrouvent dans diff\u00e9rents points de vente dans la r\u00e9gion de l'Outaouais.","robots":{"index":"index","follow":"follow","max-snippet":"max-snippet:-1","max-image-preview":"max-image-preview:large","max-video-preview":"max-video-preview:-1"},"canonical":"https:\/\/www.domainecawood.ca\/en\/points-of-sale\/","og_locale":"en_US","og_type":"article","og_title":"Domaine de Cawood | Points of sale - Vins qu\u00e9b\u00e9cois - Outaouais","og_description":"Nos vins rouge, blanc et ros\u00e9, se retrouvent dans diff\u00e9rents points de vente dans la r\u00e9gion de l'Outaouais.","og_url":"https:\/\/www.domainecawood.ca\/en\/points-of-sale\/","og_site_name":"Domaine de Cawood","article_modified_time":"2026-04-09T16:29:00+00:00","og_image":[{"url":"https:\/\/www.domainecawood.ca\/wp-content\/uploads\/2024\/06\/logo-footer-copy-300x292.png","type":"","width":"","height":""}],"twitter_card":"summary_large_image","twitter_misc":{"Est. reading time":"2 minutes"},"schema":{"@context":"https:\/\/schema.org","@graph":[{"@type":"WebPage","@id":"https:\/\/www.domainecawood.ca\/en\/points-of-sale\/","url":"https:\/\/www.domainecawood.ca\/en\/points-of-sale\/","name":"Domaine de Cawood | Points of sale - Vins qu\u00e9b\u00e9cois - Outaouais","isPartOf":{"@id":"https:\/\/www.domainecawood.ca\/fr\/#website"},"primaryImageOfPage":{"@id":"https:\/\/www.domainecawood.ca\/en\/points-of-sale\/#primaryimage"},"image":{"@id":"https:\/\/www.domainecawood.ca\/en\/points-of-sale\/#primaryimage"},"thumbnailUrl":"https:\/\/www.domainecawood.ca\/wp-content\/uploads\/2024\/06\/logo-footer-copy-300x292.png","datePublished":"2020-11-05T14:23:51+00:00","dateModified":"2026-04-09T16:29:00+00:00","description":"Nos vins rouge, blanc et ros\u00e9, se retrouvent dans diff\u00e9rents points de vente dans la r\u00e9gion de l'Outaouais.","breadcrumb":{"@id":"https:\/\/www.domainecawood.ca\/en\/points-of-sale\/#breadcrumb"},"inLanguage":"en-US","potentialAction":[{"@type":"ReadAction","target":["https:\/\/www.domainecawood.ca\/en\/points-of-sale\/"]}]},{"@type":"ImageObject","inLanguage":"en-US","@id":"https:\/\/www.domainecawood.ca\/en\/points-of-sale\/#primaryimage","url":"https:\/\/www.domainecawood.ca\/wp-content\/uploads\/2024\/06\/logo-footer-copy-300x292.png","contentUrl":"https:\/\/www.domainecawood.ca\/wp-content\/uploads\/2024\/06\/logo-footer-copy-300x292.png"},{"@type":"BreadcrumbList","@id":"https:\/\/www.domainecawood.ca\/en\/points-of-sale\/#breadcrumb","itemListElement":[{"@type":"ListItem","position":1,"name":"Accueil","item":"https:\/\/www.domainecawood.ca\/en\/"},{"@type":"ListItem","position":2,"name":"Points of sale"}]},{"@type":"WebSite","@id":"https:\/\/www.domainecawood.ca\/fr\/#website","url":"https:\/\/www.domainecawood.ca\/fr\/","name":"Domaine de Cawood","description":"Un site utilisant WordPress","potentialAction":[{"@type":"SearchAction","target":{"@type":"EntryPoint","urlTemplate":"https:\/\/www.domainecawood.ca\/fr\/?s={search_term_string}"},"query-input":{"@type":"PropertyValueSpecification","valueRequired":true,"valueName":"search_term_string"}}],"inLanguage":"en-US"}]}},"_links":{"self":[{"href":"https:\/\/www.domainecawood.ca\/en\/wp-json\/wp\/v2\/pages\/396","targetHints":{"allow":["GET"]}}],"collection":[{"href":"https:\/\/www.domainecawood.ca\/en\/wp-json\/wp\/v2\/pages"}],"about":[{"href":"https:\/\/www.domainecawood.ca\/en\/wp-json\/wp\/v2\/types\/page"}],"author":[{"embeddable":true,"href":"https:\/\/www.domainecawood.ca\/en\/wp-json\/wp\/v2\/users\/1"}],"replies":[{"embeddable":true,"href":"https:\/\/www.domainecawood.ca\/en\/wp-json\/wp\/v2\/comments?post=396"}],"version-history":[{"count":13,"href":"https:\/\/www.domainecawood.ca\/en\/wp-json\/wp\/v2\/pages\/396\/revisions"}],"predecessor-version":[{"id":811,"href":"https:\/\/www.domainecawood.ca\/en\/wp-json\/wp\/v2\/pages\/396\/revisions\/811"}],"wp:attachment":[{"href":"https:\/\/www.domainecawood.ca\/en\/wp-json\/wp\/v2\/media?parent=396"}],"curies":[{"name":"wp","href":"https:\/\/api.w.org\/{rel}","templated":true}]}}