{"id":388,"date":"2020-11-04T20:38:00","date_gmt":"2020-11-04T20:38:00","guid":{"rendered":"http:\/\/www.domainecawood.ca\/?page_id=388"},"modified":"2026-04-09T19:32:00","modified_gmt":"2026-04-09T19:32:00","slug":"our-wines","status":"publish","type":"page","link":"https:\/\/www.domainecawood.ca\/en\/our-wines\/","title":{"rendered":"Our Wines"},"content":{"rendered":"<div class=\"wpb-content-wrapper\"><p>[vc_row full_width=&#8221;stretch_row&#8221; content_placement=&#8221;middle&#8221; css=&#8221;.vc_custom_1604522368915{padding-top: 60px !important;padding-bottom: 60px !important;background-color: #f0f0f0 !important;}&#8221;][vc_column luv_text_alignment=&#8221;center&#8221;][vc_single_image image=&#8221;619&#8243; alignment=&#8221;center&#8221;]<h2 class=\" luv_dynamic-06f2271b   \">A proudly local wine!<\/h2><h1 class=\" luv_dynamic-bf6d4faa   \">OUR WINES<\/h1>[vc_column_text css=&#8221;.vc_custom_1605899000275{padding-right: 15% !important;padding-left: 15% !important;}&#8221;]A first red vintage will be made available in fall\u00a02020.<\/p>\n<p>The very local character of the vineyard and its wine cannot be overstated. There are many pluses to buying local products: It keeps the regional economy going. Despite its modest size, the vineyard calls on dozens of suppliers\u2014locally.<\/p>\n<p>In addition, available first in the Outaouais region, the proposed wine does not travel around the world before reaching you. So, that\u2019s a little environmental fact to keep in mind&#8230;<\/p>\n<p>The next vintages will also be made from white grape varieties.[\/vc_column_text][\/vc_column][\/vc_row][vc_row full_height=&#8221;yes&#8221; content_placement=&#8221;middle&#8221; css=&#8221;.vc_custom_1604522815094{padding-top: 100px !important;padding-bottom: 100px !important;}&#8221;][vc_column width=&#8221;1\/2&#8243;]<h2 class=\" luv_dynamic-06f2271b   \">Experience our<\/h2><h1 class=\" luv_dynamic-bf6d4faa   \">Red Wine Perle noire<\/h1>[vc_column_text]C\u00e9page, grape variety, marquette et Petite perle[\/vc_column_text][vc_column_text]<strong><span style=\"color: #752231; font-size: 16px;\">$17,39<\/span><\/strong> + taxes = $19,99 \u00a0750 ml | Quebec | 12,5% ALC.\/VOL.[\/vc_column_text]<a href=\"http:\/\/www.domainecawood.ca\/en\/orders\/\" target=\"_self\" class=\"btn btn-shortcode luv_dynamic-6854d4a3 btn-rounded btn-full btn-l luv_dynamic-b255d874\" ><span>Order<\/span><\/a>[\/vc_column][vc_column width=&#8221;1\/2&#8243;][vc_single_image image=&#8221;657&#8243;][\/vc_column][\/vc_row][vc_row full_height=&#8221;yes&#8221; content_placement=&#8221;middle&#8221; css=&#8221;.vc_custom_1604522815094{padding-top: 100px !important;padding-bottom: 100px !important;}&#8221;][vc_column width=&#8221;1\/2&#8243;][vc_single_image image=&#8221;657&#8243;][\/vc_column][vc_column width=&#8221;1\/2&#8243;]<h2 class=\" luv_dynamic-06f2271b   \">Experience our<\/h2><h1 class=\" luv_dynamic-bf6d4faa   \">Red Wine Montagne du loup<\/h1>[vc_column_text]C\u00e9page Marquette, Petite perle[\/vc_column_text][vc_column_text]<strong><span style=\"color: #752231; font-size: 16px;\">$17,39<\/span><\/strong> + taxes = $19,99 \u00a0750 ml | Quebec | 12,5% ALC.\/VOL.[\/vc_column_text]<a href=\"http:\/\/www.domainecawood.ca\/en\/orders\/\" target=\"_self\" class=\"btn btn-shortcode luv_dynamic-6854d4a3 btn-rounded btn-full btn-l luv_dynamic-b255d874\" ><span>Order<\/span><\/a>[\/vc_column][\/vc_row][vc_row full_height=&#8221;yes&#8221; content_placement=&#8221;middle&#8221; css=&#8221;.vc_custom_1604597392792{padding-top: 50px !important;padding-bottom: 100px !important;}&#8221;][vc_column width=&#8221;1\/2&#8243;]<h2 class=\" luv_dynamic-06f2271b   \">Experience our<\/h2><h1 class=\" luv_dynamic-bf6d4faa   \">ROS\u00c9 WINE PERLE ROS\u00c9<\/h1>[vc_column_text]<strong><span style=\"color: #752231; font-size: 16px;\">$17,39<\/span><\/strong> + taxes = $19,99 750 ml | Quebec | 12,5% ALC.\/VOL.[\/vc_column_text][vc_column_text]C\u00e9page, grape variety, Marquette et Petite perle[\/vc_column_text]<a href=\"http:\/\/www.domainecawood.ca\/en\/orders\/\" target=\"_self\" class=\"btn btn-shortcode luv_dynamic-6854d4a3 btn-rounded btn-full btn-l luv_dynamic-b255d874\" ><span>Order<\/span><\/a>[\/vc_column][vc_column width=&#8221;1\/2&#8243;][vc_single_image image=&#8221;655&#8243;][\/vc_column][\/vc_row][vc_row full_height=&#8221;yes&#8221; content_placement=&#8221;middle&#8221; css=&#8221;.vc_custom_1604597392792{padding-top: 50px !important;padding-bottom: 100px !important;}&#8221;][vc_column width=&#8221;1\/2&#8243;][vc_single_image image=&#8221;654&#8243;][\/vc_column][vc_column width=&#8221;1\/2&#8243;]<h2 class=\" luv_dynamic-06f2271b   \">Experience our<\/h2><h1 class=\" luv_dynamic-bf6d4faa   \">WHITE WINE NORDIQUE<\/h1>[vc_column_text]C\u00e9page, grape variety, Seyval, Osceola Muscat, 10-18-14.[\/vc_column_text][vc_column_text]<strong><span style=\"color: #752231; font-size: 16px;\">$17,39<\/span><\/strong> + taxes = $19,99 750 ml | Quebec | 12,5% ALC.\/VOL.[\/vc_column_text]<a href=\"http:\/\/www.domainecawood.ca\/en\/orders\/\" target=\"_self\" class=\"btn btn-shortcode luv_dynamic-6854d4a3 btn-rounded btn-full btn-l luv_dynamic-b255d874\" ><span>Order<\/span><\/a>[\/vc_column][\/vc_row][vc_row full_height=&#8221;yes&#8221; content_placement=&#8221;middle&#8221; css=&#8221;.vc_custom_1604597392792{padding-top: 50px !important;padding-bottom: 100px !important;}&#8221;][vc_column width=&#8221;1\/2&#8243;]<h2 class=\" luv_dynamic-06f2271b   \">Experience our<\/h2><h1 class=\" luv_dynamic-bf6d4faa   \">WHITE WINE Colline du renard<\/h1>[vc_column_text]C\u00e9page Seyval, Osceola Muscat[\/vc_column_text][vc_column_text]<strong><span style=\"color: #752231; font-size: 16px;\">$17,39<\/span><\/strong> + taxes = $19,99 750 ml | Quebec | 12,5% ALC.\/VOL.[\/vc_column_text]<a href=\"http:\/\/www.domainecawood.ca\/en\/orders\/\" target=\"_self\" class=\"btn btn-shortcode luv_dynamic-6854d4a3 btn-rounded btn-full btn-l luv_dynamic-b255d874\" ><span>Order<\/span><\/a>[\/vc_column][vc_column width=&#8221;1\/2&#8243;][vc_single_image image=&#8221;654&#8243;][\/vc_column][\/vc_row]<\/p>\n<\/div>","protected":false},"excerpt":{"rendered":"<p>[vc_row full_width=&#8221;stretch_row&#8221; content_placement=&#8221;middle&#8221; css=&#8221;.vc_custom_1604522368915{padding-top: 60px !important;padding-bottom: 60px !important;background-color: #f0f0f0 !important;}&#8221;][vc_column luv_text_alignment=&#8221;center&#8221;][vc_single_image image=&#8221;619&#8243; alignment=&#8221;center&#8221;][vc_column_text css=&#8221;.vc_custom_1605899000275{padding-right: 15% !important;padding-left: 15% !important;}&#8221;]A first red vintage will be made available in fall\u00a02020. The very local character of the vineyard and its wine cannot be overstated. There are many pluses to buying local products: It keeps the regional economy going. Despite [&hellip;]<\/p>\n","protected":false},"author":1,"featured_media":0,"parent":0,"menu_order":0,"comment_status":"closed","ping_status":"closed","template":"","meta":{"footnotes":""},"class_list":["post-388","page","type-page","status-publish","hentry"],"yoast_head":"<!-- This site is optimized with the Yoast SEO plugin v27.2 - https:\/\/yoast.com\/product\/yoast-seo-wordpress\/ -->\n<title>Domaine de Cawood | Vins qu\u00e9b\u00e9cois - Rouge - Blanc - Ros\u00e9<\/title>\n<meta name=\"description\" content=\"On ne saurait souligner le caract\u00e8re local du vignoble et de son vin. Plein d\u2019avantages \u00e0 acheter les produits d\u2019ici.\" \/>\n<meta name=\"robots\" content=\"index, follow, max-snippet:-1, max-image-preview:large, max-video-preview:-1\" \/>\n<link rel=\"canonical\" href=\"https:\/\/www.domainecawood.ca\/en\/our-wines\/\" \/>\n<meta property=\"og:locale\" content=\"en_US\" \/>\n<meta property=\"og:type\" content=\"article\" \/>\n<meta property=\"og:title\" content=\"Domaine de Cawood | Vins qu\u00e9b\u00e9cois - Rouge - Blanc - Ros\u00e9\" \/>\n<meta property=\"og:description\" content=\"On ne saurait souligner le caract\u00e8re local du vignoble et de son vin. Plein d\u2019avantages \u00e0 acheter les produits d\u2019ici.\" \/>\n<meta property=\"og:url\" content=\"https:\/\/www.domainecawood.ca\/en\/our-wines\/\" \/>\n<meta property=\"og:site_name\" content=\"Domaine de Cawood\" \/>\n<meta property=\"article:modified_time\" content=\"2026-04-09T19:32:00+00:00\" \/>\n<meta property=\"og:image\" content=\"https:\/\/www.domainecawood.ca\/wp-content\/uploads\/2020\/11\/img-preview.jpg\" \/>\n\t<meta property=\"og:image:width\" content=\"1200\" \/>\n\t<meta property=\"og:image:height\" content=\"800\" \/>\n\t<meta property=\"og:image:type\" content=\"image\/jpeg\" \/>\n<meta name=\"twitter:card\" content=\"summary_large_image\" \/>\n<meta name=\"twitter:label1\" content=\"Est. reading time\" \/>\n\t<meta name=\"twitter:data1\" content=\"4 minutes\" \/>\n<script type=\"application\/ld+json\" class=\"yoast-schema-graph\">{\"@context\":\"https:\/\/schema.org\",\"@graph\":[{\"@type\":\"WebPage\",\"@id\":\"https:\/\/www.domainecawood.ca\/en\/our-wines\/\",\"url\":\"https:\/\/www.domainecawood.ca\/en\/our-wines\/\",\"name\":\"Domaine de Cawood | Vins qu\u00e9b\u00e9cois - Rouge - Blanc - Ros\u00e9\",\"isPartOf\":{\"@id\":\"https:\/\/www.domainecawood.ca\/fr\/#website\"},\"datePublished\":\"2020-11-04T20:38:00+00:00\",\"dateModified\":\"2026-04-09T19:32:00+00:00\",\"description\":\"On ne saurait souligner le caract\u00e8re local du vignoble et de son vin. Plein d\u2019avantages \u00e0 acheter les produits d\u2019ici.\",\"breadcrumb\":{\"@id\":\"https:\/\/www.domainecawood.ca\/en\/our-wines\/#breadcrumb\"},\"inLanguage\":\"en-US\",\"potentialAction\":[{\"@type\":\"ReadAction\",\"target\":[\"https:\/\/www.domainecawood.ca\/en\/our-wines\/\"]}]},{\"@type\":\"BreadcrumbList\",\"@id\":\"https:\/\/www.domainecawood.ca\/en\/our-wines\/#breadcrumb\",\"itemListElement\":[{\"@type\":\"ListItem\",\"position\":1,\"name\":\"Accueil\",\"item\":\"https:\/\/www.domainecawood.ca\/en\/\"},{\"@type\":\"ListItem\",\"position\":2,\"name\":\"Our Wines\"}]},{\"@type\":\"WebSite\",\"@id\":\"https:\/\/www.domainecawood.ca\/fr\/#website\",\"url\":\"https:\/\/www.domainecawood.ca\/fr\/\",\"name\":\"Domaine de Cawood\",\"description\":\"Un site utilisant WordPress\",\"potentialAction\":[{\"@type\":\"SearchAction\",\"target\":{\"@type\":\"EntryPoint\",\"urlTemplate\":\"https:\/\/www.domainecawood.ca\/fr\/?s={search_term_string}\"},\"query-input\":{\"@type\":\"PropertyValueSpecification\",\"valueRequired\":true,\"valueName\":\"search_term_string\"}}],\"inLanguage\":\"en-US\"}]}<\/script>\n<!-- \/ Yoast SEO plugin. -->","yoast_head_json":{"title":"Domaine de Cawood | Vins qu\u00e9b\u00e9cois - Rouge - Blanc - Ros\u00e9","description":"On ne saurait souligner le caract\u00e8re local du vignoble et de son vin. Plein d\u2019avantages \u00e0 acheter les produits d\u2019ici.","robots":{"index":"index","follow":"follow","max-snippet":"max-snippet:-1","max-image-preview":"max-image-preview:large","max-video-preview":"max-video-preview:-1"},"canonical":"https:\/\/www.domainecawood.ca\/en\/our-wines\/","og_locale":"en_US","og_type":"article","og_title":"Domaine de Cawood | Vins qu\u00e9b\u00e9cois - Rouge - Blanc - Ros\u00e9","og_description":"On ne saurait souligner le caract\u00e8re local du vignoble et de son vin. Plein d\u2019avantages \u00e0 acheter les produits d\u2019ici.","og_url":"https:\/\/www.domainecawood.ca\/en\/our-wines\/","og_site_name":"Domaine de Cawood","article_modified_time":"2026-04-09T19:32:00+00:00","og_image":[{"width":1200,"height":800,"url":"https:\/\/www.domainecawood.ca\/wp-content\/uploads\/2020\/11\/img-preview.jpg","type":"image\/jpeg"}],"twitter_card":"summary_large_image","twitter_misc":{"Est. reading time":"4 minutes"},"schema":{"@context":"https:\/\/schema.org","@graph":[{"@type":"WebPage","@id":"https:\/\/www.domainecawood.ca\/en\/our-wines\/","url":"https:\/\/www.domainecawood.ca\/en\/our-wines\/","name":"Domaine de Cawood | Vins qu\u00e9b\u00e9cois - Rouge - Blanc - Ros\u00e9","isPartOf":{"@id":"https:\/\/www.domainecawood.ca\/fr\/#website"},"datePublished":"2020-11-04T20:38:00+00:00","dateModified":"2026-04-09T19:32:00+00:00","description":"On ne saurait souligner le caract\u00e8re local du vignoble et de son vin. Plein d\u2019avantages \u00e0 acheter les produits d\u2019ici.","breadcrumb":{"@id":"https:\/\/www.domainecawood.ca\/en\/our-wines\/#breadcrumb"},"inLanguage":"en-US","potentialAction":[{"@type":"ReadAction","target":["https:\/\/www.domainecawood.ca\/en\/our-wines\/"]}]},{"@type":"BreadcrumbList","@id":"https:\/\/www.domainecawood.ca\/en\/our-wines\/#breadcrumb","itemListElement":[{"@type":"ListItem","position":1,"name":"Accueil","item":"https:\/\/www.domainecawood.ca\/en\/"},{"@type":"ListItem","position":2,"name":"Our Wines"}]},{"@type":"WebSite","@id":"https:\/\/www.domainecawood.ca\/fr\/#website","url":"https:\/\/www.domainecawood.ca\/fr\/","name":"Domaine de Cawood","description":"Un site utilisant WordPress","potentialAction":[{"@type":"SearchAction","target":{"@type":"EntryPoint","urlTemplate":"https:\/\/www.domainecawood.ca\/fr\/?s={search_term_string}"},"query-input":{"@type":"PropertyValueSpecification","valueRequired":true,"valueName":"search_term_string"}}],"inLanguage":"en-US"}]}},"_links":{"self":[{"href":"https:\/\/www.domainecawood.ca\/en\/wp-json\/wp\/v2\/pages\/388","targetHints":{"allow":["GET"]}}],"collection":[{"href":"https:\/\/www.domainecawood.ca\/en\/wp-json\/wp\/v2\/pages"}],"about":[{"href":"https:\/\/www.domainecawood.ca\/en\/wp-json\/wp\/v2\/types\/page"}],"author":[{"embeddable":true,"href":"https:\/\/www.domainecawood.ca\/en\/wp-json\/wp\/v2\/users\/1"}],"replies":[{"embeddable":true,"href":"https:\/\/www.domainecawood.ca\/en\/wp-json\/wp\/v2\/comments?post=388"}],"version-history":[{"count":15,"href":"https:\/\/www.domainecawood.ca\/en\/wp-json\/wp\/v2\/pages\/388\/revisions"}],"predecessor-version":[{"id":826,"href":"https:\/\/www.domainecawood.ca\/en\/wp-json\/wp\/v2\/pages\/388\/revisions\/826"}],"wp:attachment":[{"href":"https:\/\/www.domainecawood.ca\/en\/wp-json\/wp\/v2\/media?parent=388"}],"curies":[{"name":"wp","href":"https:\/\/api.w.org\/{rel}","templated":true}]}}